{"id":20738,"date":"2016-01-28T17:58:35","date_gmt":"2016-01-28T16:58:35","guid":{"rendered":"http:\/\/www.eveline.hu\/2016\/eveline-kozmetikumok-szepsegapolas\/nem-kategorizalt\/koromapolo-8az1-ben-12ml\/"},"modified":"2025-12-22T09:04:30","modified_gmt":"2025-12-22T08:04:30","slug":"koromapolo-8az1-ben-12ml","status":"publish","type":"product","link":"https:\/\/www.eveline.hu\/2016\/eveline-kozmetikumok-szepsegapolas\/smink\/korom\/koromerositok\/koromapolo-8az1-ben-12ml\/","title":{"rendered":"K\u00f6r\u00f6m\u00e1pol\u00f3 8az1-ben 12ml"},"content":{"rendered":"<p>Ultra Keratin+ Tit\u00e1nium \u00e9s Diamond<\/p>\n<p>Aj\u00e1nlott hibrid, akril \u00e9s g\u00e9l manik\u0171r ut\u00e1n is.<\/p>\n<p>A koncentr\u00e1lt formula kik\u00fcsz\u00f6b\u00f6li a 8 k\u00f6r\u00f6mlemez probl\u00e9m\u00e1t(s\u00e9r\u00fclt, felhasadt, t\u00f6r\u00e9keny, matt, puha, gyenge,repedezett, egyenetlen fel\u00fclet\u0171). Megkem\u00e9ny\u00edti \u00e9s helyre\u00e1ll\u00edtja a v\u00e9kony k\u00f6rm\u00f6k szerkezet\u00e9t. V\u00e9di a repedez\u00e9s \u00e9s sz\u00e9thasad\u00e1s ellen. Mind\u00f6ssze 10 nap eltelt\u00e9vel a s\u00e9r\u00fclt k\u00f6r\u00f6mlemez regener\u00e1l\u00f3dik &#8211; visszanyeri a sima fel\u00fclet\u00e9t \u00e9s az eg\u00e9szs\u00e9ges ragyog\u00e1s\u00e1t. A kezel\u00e9s megmenti a k\u00f6r\u00f6m \u00e1llapot\u00e1t \u00e9s megjelen\u00e9s\u00e9t a hibrid k\u00f6r\u00f6mlakk, akril vagy g\u00e9l hossz\u00fa t\u00e1v\u00fa haszn\u00e1lata ut\u00e1n. Az Ultra-Keratin a klinikai kutat\u00e1sok ihlette \u00fajgener\u00e1ci\u00f3s formula, serkenti a kem\u00e9ny keratin el\u0151\u00e1ll\u00edt\u00e1s\u00e1t, amely a k\u00f6rm\u00f6k \u00e9p\u00edt\u0151anyaga.<\/p>\n<p>A ter\u00e1pia rendk\u00edv\u00fcli hat\u00e9konys\u00e1ga a k\u00f6r\u00f6mlemez r\u00e9teg\u00e9nek m\u00e9lyre hat\u00f3 m\u0171k\u00f6d\u00e9s\u00e9b\u0151l \u00e1ll, an\u00e9lk\u00fcl, hogy megv\u00e1ltoztatn\u00e1 a k\u00f6r\u00f6m szerkezet\u00e9t, valamint a Nail Pro Strong \u2122 er\u0151s\u00edt\u0151 \u00f6sszetev\u0151k egyedi \u00f6sszet\u00e9tel\u00e9b\u0151l. A k\u00f6rm\u00f6k \u00e9szrevehet\u0151en vastagabbak, kem\u00e9nyebbek \u00e9s rekonstru\u00e1ltak lesznek. Term\u00e9szetes gyant\u00e1t tartalmaz az \u00f6r\u00f6kz\u00f6ld masztika f\u00e1kb\u00f3l, amelyek er\u0151s\u00edtik a t\u00f6r\u00e9keny k\u00f6r\u00f6mlemezt. A tit\u00e1n + gy\u00e9m\u00e1nt komplex szuper kem\u00e9ny bevonatot k\u00e9pez \u00e9s megv\u00e9d a s\u00e9r\u00fcl\u00e9sekt\u0151l.<\/p>\n<p><strong>Alkalmaz\u00e1s<\/strong>: Vigye fel az acetonmentes k\u00f6r\u00f6mlakklemos\u00f3val megtiszt\u00edtott k\u00f6rm\u00f6kre.<\/p>\n<p>&nbsp;<\/p>\n<p>\u00f6sszetev\u0151k: Butyl Acetate, Ethyl Acetate, Cellulose Acetate Butyrate, Adipic Acid\/Neopentyl Glycol\/Trimellitic Anhydride Copolymer, Isopropyl Alcohol, Acetyl Tributyl Citrate, Nitrocellulose, Tosylamide\/Epoxy Resin, Dimethyl Urea, Acrylates Copolymer, Stearalkonium Bentonite, Benzotriazolyl Dodecyl p-Cresol, Caprylic\/Capric Triglyceride, Pistacia Lentiscus Gum, Citric Acid, Dipropylene Glycol Dibenzoate, Aluminium Hydroxide, Triethoxycaprylylsilane, Diamond Powder, Mek, CI 60725, CI 77891.<\/p>\n","protected":false},"excerpt":{"rendered":"<p>Sok probl\u00e9ma egy megold\u00e1s.<\/p>\n","protected":false},"featured_media":26749,"comment_status":"open","ping_status":"closed","template":"","meta":[],"product_cat":[130,156,158,125,129,113],"product_tag":[],"yoast_head":"<!-- This site is optimized with the Yoast SEO plugin v22.2 - https:\/\/yoast.com\/wordpress\/plugins\/seo\/ -->\n<title>K\u00f6r\u00f6m\u00e1pol\u00f3 8az1-ben 12ml<\/title>\n<meta name=\"description\" content=\"Sok probl\u00e9ma egy megold\u00e1s. Forradalmi formula a Strong Nail akt\u00edv komplexummal behatol a k\u00f6r\u00f6mlemez szerkezet\u00e9be , ennek r\u00e9v\u00e9n hat\u00e1sosan regener\u00e1lja a k\u00f6r\u00f6mlemezt \u00e9s jav\u00edtja a k\u00f6rm\u00f6t.\" \/>\n<meta name=\"robots\" content=\"index, follow, max-snippet:-1, max-image-preview:large, max-video-preview:-1\" \/>\n<link rel=\"canonical\" href=\"https:\/\/www.eveline.hu\/2016\/eveline-kozmetikumok-szepsegapolas\/smink\/korom\/koromerositok\/koromapolo-8az1-ben-12ml\/\" \/>\n<meta property=\"og:locale\" content=\"hu_HU\" \/>\n<meta property=\"og:type\" content=\"article\" \/>\n<meta property=\"og:title\" content=\"Eveline kozmetikumok - K\u00f6r\u00f6m\u00e1pol\u00f3 8az1-ben 12ml\" \/>\n<meta property=\"og:description\" content=\"Sok probl\u00e9ma egy megold\u00e1s. Forradalmi formula a Strong Nail akt\u00edv komplexummal behatol a k\u00f6r\u00f6mlemez szerkezet\u00e9be , ennek r\u00e9v\u00e9n hat\u00e1sosan regener\u00e1lja a k\u00f6r\u00f6mlemezt \u00e9s jav\u00edtja a k\u00f6rm\u00f6t.\" \/>\n<meta property=\"og:url\" content=\"https:\/\/www.eveline.hu\/2016\/eveline-kozmetikumok-szepsegapolas\/smink\/korom\/koromerositok\/koromapolo-8az1-ben-12ml\/\" \/>\n<meta property=\"og:site_name\" content=\"Eveline Cosmetics Magyarorsz\u00e1g\" \/>\n<meta property=\"article:modified_time\" content=\"2025-12-22T08:04:30+00:00\" \/>\n<meta property=\"og:image\" content=\"https:\/\/www.eveline.hu\/2016\/wp-content\/uploads\/2016\/01\/K\u00f6r\u00f6m\u00e1pol\u00f3-8-in-1-NEW-w.png\" \/>\n\t<meta property=\"og:image:width\" content=\"750\" \/>\n\t<meta property=\"og:image:height\" content=\"750\" \/>\n\t<meta property=\"og:image:type\" content=\"image\/png\" \/>\n<meta name=\"twitter:card\" content=\"summary_large_image\" \/>\n<meta name=\"twitter:title\" content=\"Eveline kozmetikumok - K\u00f6r\u00f6m\u00e1pol\u00f3 8az1-ben 12ml\" \/>\n<meta name=\"twitter:label1\" content=\"Becs\u00fclt olvas\u00e1si id\u0151\" \/>\n\t<meta name=\"twitter:data1\" content=\"2 perc\" \/>\n<script type=\"application\/ld+json\" class=\"yoast-schema-graph\">{\"@context\":\"https:\/\/schema.org\",\"@graph\":[{\"@type\":\"WebPage\",\"@id\":\"https:\/\/www.eveline.hu\/2016\/eveline-kozmetikumok-szepsegapolas\/smink\/korom\/koromerositok\/koromapolo-8az1-ben-12ml\/\",\"url\":\"https:\/\/www.eveline.hu\/2016\/eveline-kozmetikumok-szepsegapolas\/smink\/korom\/koromerositok\/koromapolo-8az1-ben-12ml\/\",\"name\":\"K\u00f6r\u00f6m\u00e1pol\u00f3 8az1-ben 12ml\",\"isPartOf\":{\"@id\":\"https:\/\/www.eveline.hu\/2016\/#website\"},\"primaryImageOfPage\":{\"@id\":\"https:\/\/www.eveline.hu\/2016\/eveline-kozmetikumok-szepsegapolas\/smink\/korom\/koromerositok\/koromapolo-8az1-ben-12ml\/#primaryimage\"},\"image\":{\"@id\":\"https:\/\/www.eveline.hu\/2016\/eveline-kozmetikumok-szepsegapolas\/smink\/korom\/koromerositok\/koromapolo-8az1-ben-12ml\/#primaryimage\"},\"thumbnailUrl\":\"https:\/\/www.eveline.hu\/2016\/wp-content\/uploads\/2016\/01\/K\u00f6r\u00f6m\u00e1pol\u00f3-8-in-1-NEW-w.png\",\"datePublished\":\"2016-01-28T16:58:35+00:00\",\"dateModified\":\"2025-12-22T08:04:30+00:00\",\"description\":\"Sok probl\u00e9ma egy megold\u00e1s. Forradalmi formula a Strong Nail akt\u00edv komplexummal behatol a k\u00f6r\u00f6mlemez szerkezet\u00e9be , ennek r\u00e9v\u00e9n hat\u00e1sosan regener\u00e1lja a k\u00f6r\u00f6mlemezt \u00e9s jav\u00edtja a k\u00f6rm\u00f6t.\",\"breadcrumb\":{\"@id\":\"https:\/\/www.eveline.hu\/2016\/eveline-kozmetikumok-szepsegapolas\/smink\/korom\/koromerositok\/koromapolo-8az1-ben-12ml\/#breadcrumb\"},\"inLanguage\":\"hu\",\"potentialAction\":[{\"@type\":\"ReadAction\",\"target\":[\"https:\/\/www.eveline.hu\/2016\/eveline-kozmetikumok-szepsegapolas\/smink\/korom\/koromerositok\/koromapolo-8az1-ben-12ml\/\"]}]},{\"@type\":\"ImageObject\",\"inLanguage\":\"hu\",\"@id\":\"https:\/\/www.eveline.hu\/2016\/eveline-kozmetikumok-szepsegapolas\/smink\/korom\/koromerositok\/koromapolo-8az1-ben-12ml\/#primaryimage\",\"url\":\"https:\/\/www.eveline.hu\/2016\/wp-content\/uploads\/2016\/01\/K\u00f6r\u00f6m\u00e1pol\u00f3-8-in-1-NEW-w.png\",\"contentUrl\":\"https:\/\/www.eveline.hu\/2016\/wp-content\/uploads\/2016\/01\/K\u00f6r\u00f6m\u00e1pol\u00f3-8-in-1-NEW-w.png\",\"width\":750,\"height\":750},{\"@type\":\"BreadcrumbList\",\"@id\":\"https:\/\/www.eveline.hu\/2016\/eveline-kozmetikumok-szepsegapolas\/smink\/korom\/koromerositok\/koromapolo-8az1-ben-12ml\/#breadcrumb\",\"itemListElement\":[{\"@type\":\"ListItem\",\"position\":1,\"name\":\"Home\",\"item\":\"https:\/\/www.eveline.hu\/2016\/\"},{\"@type\":\"ListItem\",\"position\":2,\"name\":\"Term\u00e9kek\",\"item\":\"https:\/\/www.eveline.hu\/2016\/shop\/\"},{\"@type\":\"ListItem\",\"position\":3,\"name\":\"K\u00f6r\u00f6m\u00e1pol\u00f3 8az1-ben 12ml\"}]},{\"@type\":\"WebSite\",\"@id\":\"https:\/\/www.eveline.hu\/2016\/#website\",\"url\":\"https:\/\/www.eveline.hu\/2016\/\",\"name\":\"Eveline Cosmetics Magyarorsz\u00e1g\",\"description\":\"Min\u0151s\u00e9gi kozmetikumok Lengyelorsz\u00e1gb\u00f3l\",\"potentialAction\":[{\"@type\":\"SearchAction\",\"target\":{\"@type\":\"EntryPoint\",\"urlTemplate\":\"https:\/\/www.eveline.hu\/2016\/?s={search_term_string}\"},\"query-input\":\"required name=search_term_string\"}],\"inLanguage\":\"hu\"}]}<\/script>\n<!-- \/ Yoast SEO plugin. -->","yoast_head_json":{"title":"K\u00f6r\u00f6m\u00e1pol\u00f3 8az1-ben 12ml","description":"Sok probl\u00e9ma egy megold\u00e1s. Forradalmi formula a Strong Nail akt\u00edv komplexummal behatol a k\u00f6r\u00f6mlemez szerkezet\u00e9be , ennek r\u00e9v\u00e9n hat\u00e1sosan regener\u00e1lja a k\u00f6r\u00f6mlemezt \u00e9s jav\u00edtja a k\u00f6rm\u00f6t.","robots":{"index":"index","follow":"follow","max-snippet":"max-snippet:-1","max-image-preview":"max-image-preview:large","max-video-preview":"max-video-preview:-1"},"canonical":"https:\/\/www.eveline.hu\/2016\/eveline-kozmetikumok-szepsegapolas\/smink\/korom\/koromerositok\/koromapolo-8az1-ben-12ml\/","og_locale":"hu_HU","og_type":"article","og_title":"Eveline kozmetikumok - K\u00f6r\u00f6m\u00e1pol\u00f3 8az1-ben 12ml","og_description":"Sok probl\u00e9ma egy megold\u00e1s. Forradalmi formula a Strong Nail akt\u00edv komplexummal behatol a k\u00f6r\u00f6mlemez szerkezet\u00e9be , ennek r\u00e9v\u00e9n hat\u00e1sosan regener\u00e1lja a k\u00f6r\u00f6mlemezt \u00e9s jav\u00edtja a k\u00f6rm\u00f6t.","og_url":"https:\/\/www.eveline.hu\/2016\/eveline-kozmetikumok-szepsegapolas\/smink\/korom\/koromerositok\/koromapolo-8az1-ben-12ml\/","og_site_name":"Eveline Cosmetics Magyarorsz\u00e1g","article_modified_time":"2025-12-22T08:04:30+00:00","og_image":[{"width":750,"height":750,"url":"https:\/\/www.eveline.hu\/2016\/wp-content\/uploads\/2016\/01\/K\u00f6r\u00f6m\u00e1pol\u00f3-8-in-1-NEW-w.png","type":"image\/png"}],"twitter_card":"summary_large_image","twitter_title":"Eveline kozmetikumok - K\u00f6r\u00f6m\u00e1pol\u00f3 8az1-ben 12ml","twitter_misc":{"Becs\u00fclt olvas\u00e1si id\u0151":"2 perc"},"schema":{"@context":"https:\/\/schema.org","@graph":[{"@type":"WebPage","@id":"https:\/\/www.eveline.hu\/2016\/eveline-kozmetikumok-szepsegapolas\/smink\/korom\/koromerositok\/koromapolo-8az1-ben-12ml\/","url":"https:\/\/www.eveline.hu\/2016\/eveline-kozmetikumok-szepsegapolas\/smink\/korom\/koromerositok\/koromapolo-8az1-ben-12ml\/","name":"K\u00f6r\u00f6m\u00e1pol\u00f3 8az1-ben 12ml","isPartOf":{"@id":"https:\/\/www.eveline.hu\/2016\/#website"},"primaryImageOfPage":{"@id":"https:\/\/www.eveline.hu\/2016\/eveline-kozmetikumok-szepsegapolas\/smink\/korom\/koromerositok\/koromapolo-8az1-ben-12ml\/#primaryimage"},"image":{"@id":"https:\/\/www.eveline.hu\/2016\/eveline-kozmetikumok-szepsegapolas\/smink\/korom\/koromerositok\/koromapolo-8az1-ben-12ml\/#primaryimage"},"thumbnailUrl":"https:\/\/www.eveline.hu\/2016\/wp-content\/uploads\/2016\/01\/K\u00f6r\u00f6m\u00e1pol\u00f3-8-in-1-NEW-w.png","datePublished":"2016-01-28T16:58:35+00:00","dateModified":"2025-12-22T08:04:30+00:00","description":"Sok probl\u00e9ma egy megold\u00e1s. Forradalmi formula a Strong Nail akt\u00edv komplexummal behatol a k\u00f6r\u00f6mlemez szerkezet\u00e9be , ennek r\u00e9v\u00e9n hat\u00e1sosan regener\u00e1lja a k\u00f6r\u00f6mlemezt \u00e9s jav\u00edtja a k\u00f6rm\u00f6t.","breadcrumb":{"@id":"https:\/\/www.eveline.hu\/2016\/eveline-kozmetikumok-szepsegapolas\/smink\/korom\/koromerositok\/koromapolo-8az1-ben-12ml\/#breadcrumb"},"inLanguage":"hu","potentialAction":[{"@type":"ReadAction","target":["https:\/\/www.eveline.hu\/2016\/eveline-kozmetikumok-szepsegapolas\/smink\/korom\/koromerositok\/koromapolo-8az1-ben-12ml\/"]}]},{"@type":"ImageObject","inLanguage":"hu","@id":"https:\/\/www.eveline.hu\/2016\/eveline-kozmetikumok-szepsegapolas\/smink\/korom\/koromerositok\/koromapolo-8az1-ben-12ml\/#primaryimage","url":"https:\/\/www.eveline.hu\/2016\/wp-content\/uploads\/2016\/01\/K\u00f6r\u00f6m\u00e1pol\u00f3-8-in-1-NEW-w.png","contentUrl":"https:\/\/www.eveline.hu\/2016\/wp-content\/uploads\/2016\/01\/K\u00f6r\u00f6m\u00e1pol\u00f3-8-in-1-NEW-w.png","width":750,"height":750},{"@type":"BreadcrumbList","@id":"https:\/\/www.eveline.hu\/2016\/eveline-kozmetikumok-szepsegapolas\/smink\/korom\/koromerositok\/koromapolo-8az1-ben-12ml\/#breadcrumb","itemListElement":[{"@type":"ListItem","position":1,"name":"Home","item":"https:\/\/www.eveline.hu\/2016\/"},{"@type":"ListItem","position":2,"name":"Term\u00e9kek","item":"https:\/\/www.eveline.hu\/2016\/shop\/"},{"@type":"ListItem","position":3,"name":"K\u00f6r\u00f6m\u00e1pol\u00f3 8az1-ben 12ml"}]},{"@type":"WebSite","@id":"https:\/\/www.eveline.hu\/2016\/#website","url":"https:\/\/www.eveline.hu\/2016\/","name":"Eveline Cosmetics Magyarorsz\u00e1g","description":"Min\u0151s\u00e9gi kozmetikumok Lengyelorsz\u00e1gb\u00f3l","potentialAction":[{"@type":"SearchAction","target":{"@type":"EntryPoint","urlTemplate":"https:\/\/www.eveline.hu\/2016\/?s={search_term_string}"},"query-input":"required name=search_term_string"}],"inLanguage":"hu"}]}},"_links":{"self":[{"href":"https:\/\/www.eveline.hu\/2016\/wp-json\/wp\/v2\/product\/20738"}],"collection":[{"href":"https:\/\/www.eveline.hu\/2016\/wp-json\/wp\/v2\/product"}],"about":[{"href":"https:\/\/www.eveline.hu\/2016\/wp-json\/wp\/v2\/types\/product"}],"replies":[{"embeddable":true,"href":"https:\/\/www.eveline.hu\/2016\/wp-json\/wp\/v2\/comments?post=20738"}],"wp:featuredmedia":[{"embeddable":true,"href":"https:\/\/www.eveline.hu\/2016\/wp-json\/wp\/v2\/media\/26749"}],"wp:attachment":[{"href":"https:\/\/www.eveline.hu\/2016\/wp-json\/wp\/v2\/media?parent=20738"}],"wp:term":[{"taxonomy":"product_cat","embeddable":true,"href":"https:\/\/www.eveline.hu\/2016\/wp-json\/wp\/v2\/product_cat?post=20738"},{"taxonomy":"product_tag","embeddable":true,"href":"https:\/\/www.eveline.hu\/2016\/wp-json\/wp\/v2\/product_tag?post=20738"}],"curies":[{"name":"wp","href":"https:\/\/api.w.org\/{rel}","templated":true}]}}