{"id":20736,"date":"2016-01-28T17:58:18","date_gmt":"2016-01-28T16:58:18","guid":{"rendered":"http:\/\/www.eveline.hu\/2016\/eveline-kozmetikumok-szepsegapolas\/nem-kategorizalt\/gyemantos-koromerosito-12ml\/"},"modified":"2025-07-30T16:28:36","modified_gmt":"2025-07-30T14:28:36","slug":"gyemantos-koromerosito-12ml","status":"publish","type":"product","link":"https:\/\/www.eveline.hu\/2016\/eveline-kozmetikumok-szepsegapolas\/smink\/korom\/koromerositok\/gyemantos-koromerosito-12ml\/","title":{"rendered":"K\u00f6r\u00f6m\u00e1pol\u00f3 Gy\u00e9m\u00e1ntos k\u00f6r\u00f6mer\u0151s\u00edt\u0151 12ml"},"content":{"rendered":"<p>V\u00e9delem a t\u00f6redez\u00e9s \u00e9s sz\u00e9thasad\u00e1s ellen.<\/p>\n<p>Aj\u00e1nlott hibrid, akril \u00e9s g\u00e9l manik\u0171r ut\u00e1n is.<\/p>\n<p>Maxim\u00e1lisan er\u0151s\u00edt\u0151 gy\u00e9m\u00e1nt kond\u00edcion\u00e1l\u00f3, v\u00e9di a gyenge k\u00f6rm\u00f6ket a repedez\u00e9s \u00e9s a t\u00f6redez\u00e9s ellen. A val\u00f3di gy\u00e9m\u00e1nt szemcs\u00e9kkel d\u00fas\u00edtott gazdag formula szuperf\u00e9nyes \u00e9s rendk\u00edv\u00fcl tart\u00f3s v\u00e9d\u0151bevonatot hoz l\u00e9tre a k\u00f6r\u00f6m fel\u00fclet\u00e9n, biztos\u00edtva ezzel kem\u00e9nys\u00e9g\u00e9t \u00e9s rugalmass\u00e1g\u00e1t. A kezel\u00e9s megmenti a k\u00f6r\u00f6m \u00e1llapot\u00e1t \u00e9s megjelen\u00e9s\u00e9t a hibrid k\u00f6r\u00f6mlakk, akril vagy g\u00e9l, hossz\u00fa t\u00e1v\u00fa haszn\u00e1lata ut\u00e1n. Az Ultra-Keratin a klinikai kutat\u00e1sok ihlette \u00fajgener\u00e1ci\u00f3s formula, serkenti a kem\u00e9ny keratin el\u0151\u00e1ll\u00edt\u00e1s\u00e1t, amely a k\u00f6rm\u00f6k \u00e9p\u00edt\u0151anyaga.<\/p>\n<p>A ter\u00e1pia rendk\u00edv\u00fcli hat\u00e9konys\u00e1ga a k\u00f6r\u00f6mlemez r\u00e9teg\u00e9nek m\u00e9lyre hat\u00f3 m\u0171k\u00f6d\u00e9s\u00e9b\u0151l \u00e1ll, an\u00e9lk\u00fcl, hogy megv\u00e1ltoztatn\u00e1 a k\u00f6r\u00f6m szerkezet\u00e9t, valamint a Nail Pro Strong \u2122 er\u0151s\u00edt\u0151 \u00f6sszetev\u0151k egyedi \u00f6sszet\u00e9tel\u00e9b\u0151l. A k\u00f6rm\u00f6k vastagabbak, kem\u00e9nyebbek \u00e9s rekonstru\u00e1ltak lesznek. F\u00e9nyt \u00e1raszt\u00f3 gy\u00e9m\u00e1ntport tartalmaz, amely lez\u00e1rja a k\u00f6r\u00f6m szerkezet\u00e9t, intenz\u00edven kisim\u00edtja \u00e9s elragad\u00f3 f\u00e9nyt ny\u00fajt.<\/p>\n<p><strong>Alkalmaz\u00e1s<\/strong>: Vigye fel az acetonmentes k\u00f6r\u00f6mlakklemos\u00f3val megtiszt\u00edtott k\u00f6rm\u00f6kre.<\/p>\n<p>\u00f6sszetev\u0151k: Butyl Acetate, Ethyl Acetate, Cellulose Acetate Butyrate, Adipic Acid\/Neopentyl Glycol\/Trimellitic Anhydride Copolymer, Isopropyl Alcohol, Acetyl Tributyl Citrate, Nitrocellulose, Tosylamide\/Epoxy Resin, Dimethyl Urea, Acrylates Copolymer, Stearalkonium Bentonite, Benzotriazolyl Dodecyl p-Cresol, Caprylic\/Capric Triglyceride, Pistacia Lentiscus Gum, Citric Acid, Dipropylene Glycol Dibenzoate, Aluminium Hydroxide, Triethoxycaprylylsilane, Diamond Powder, Mek, CI 60725, CI 77891<\/p>\n","protected":false},"excerpt":{"rendered":"<p>Gy\u00e9m\u00e1ntos k\u00f6r\u00f6mer\u0151s\u00edt\u0151. Extr\u00e9m er\u0151s\u00edt\u0151 hat\u00e1s\u00fa tit\u00e1n \u00e9s gy\u00e9m\u00e1nt tartalm\u00fa k\u00f6r\u00f6mer\u0151s\u00edt\u0151 olyan szuperer\u0151s bevonatot k\u00e9pez a k\u00f6r\u00f6m fel\u00fclet\u00e9n, amely v\u00e9delmet ny\u00fajt gyenge \u00e9s t\u00f6redezett k\u00f6r\u00f6m sz\u00e1m\u00e1ra.<\/p>\n","protected":false},"featured_media":25700,"comment_status":"open","ping_status":"closed","template":"","meta":[],"product_cat":[130,156,158,125,129,113],"product_tag":[],"yoast_head":"<!-- This site is optimized with the Yoast SEO plugin v22.2 - https:\/\/yoast.com\/wordpress\/plugins\/seo\/ -->\n<title>Gy\u00e9m\u00e1ntos k\u00f6r\u00f6mer\u00f5s\u00edt\u00f5 12ml<\/title>\n<meta name=\"description\" content=\"Gy\u00e9m\u00e1ntos k\u00f6r\u00f6mer\u00f5s\u00edt\u00f5. Extr\u00e9m er\u00f5s\u00edt\u00f5 hat\u00e1s\u00fa tit\u00e1n \u00e9s gy\u00e9m\u00e1nt tartalm\u00fa k\u00f6r\u00f6mer\u00f5s\u00edt\u00f5 olyan szuperer\u00f5s bevonatot k\u00e9pez a k\u00f6r\u00f6m fel\u00fclet\u00e9n, amely v\u00e9delmet ny\u00fajt gyenge \u00e9s t\u00f6redezett k\u00f6r\u00f6m sz\u00e1m\u00e1ra.\" \/>\n<meta name=\"robots\" content=\"index, follow, max-snippet:-1, max-image-preview:large, max-video-preview:-1\" \/>\n<link rel=\"canonical\" href=\"https:\/\/www.eveline.hu\/2016\/eveline-kozmetikumok-szepsegapolas\/smink\/korom\/koromerositok\/gyemantos-koromerosito-12ml\/\" \/>\n<meta property=\"og:locale\" content=\"hu_HU\" \/>\n<meta property=\"og:type\" content=\"article\" \/>\n<meta property=\"og:title\" content=\"Eveline kozmetikumok - Gy\u00e9m\u00e1ntos k\u00f6r\u00f6mer\u00f5s\u00edt\u00f5 12ml\" \/>\n<meta property=\"og:description\" content=\"Gy\u00e9m\u00e1ntos k\u00f6r\u00f6mer\u00f5s\u00edt\u00f5. Extr\u00e9m er\u00f5s\u00edt\u00f5 hat\u00e1s\u00fa tit\u00e1n \u00e9s gy\u00e9m\u00e1nt tartalm\u00fa k\u00f6r\u00f6mer\u00f5s\u00edt\u00f5 olyan szuperer\u00f5s bevonatot k\u00e9pez a k\u00f6r\u00f6m fel\u00fclet\u00e9n, amely v\u00e9delmet ny\u00fajt gyenge \u00e9s t\u00f6redezett k\u00f6r\u00f6m sz\u00e1m\u00e1ra.\" \/>\n<meta property=\"og:url\" content=\"https:\/\/www.eveline.hu\/2016\/eveline-kozmetikumok-szepsegapolas\/smink\/korom\/koromerositok\/gyemantos-koromerosito-12ml\/\" \/>\n<meta property=\"og:site_name\" content=\"Eveline Cosmetics Magyarorsz\u00e1g\" \/>\n<meta property=\"article:modified_time\" content=\"2025-07-30T14:28:36+00:00\" \/>\n<meta property=\"og:image\" content=\"https:\/\/www.eveline.hu\/2016\/wp-content\/uploads\/2016\/01\/5907609329721_DIAMOND-HARD-AND-SHINY-NAILS-w.png\" \/>\n\t<meta property=\"og:image:width\" content=\"750\" \/>\n\t<meta property=\"og:image:height\" content=\"750\" \/>\n\t<meta property=\"og:image:type\" content=\"image\/png\" \/>\n<meta name=\"twitter:card\" content=\"summary_large_image\" \/>\n<meta name=\"twitter:title\" content=\"Eveline kozmetikumok - Gy\u00e9m\u00e1ntos k\u00f6r\u00f6mer\u00f5s\u00edt\u00f5 12ml\" \/>\n<meta name=\"twitter:label1\" content=\"Becs\u00fclt olvas\u00e1si id\u0151\" \/>\n\t<meta name=\"twitter:data1\" content=\"2 perc\" \/>\n<script type=\"application\/ld+json\" class=\"yoast-schema-graph\">{\"@context\":\"https:\/\/schema.org\",\"@graph\":[{\"@type\":\"WebPage\",\"@id\":\"https:\/\/www.eveline.hu\/2016\/eveline-kozmetikumok-szepsegapolas\/smink\/korom\/koromerositok\/gyemantos-koromerosito-12ml\/\",\"url\":\"https:\/\/www.eveline.hu\/2016\/eveline-kozmetikumok-szepsegapolas\/smink\/korom\/koromerositok\/gyemantos-koromerosito-12ml\/\",\"name\":\"Gy\u00e9m\u00e1ntos k\u00f6r\u00f6mer\u00f5s\u00edt\u00f5 12ml\",\"isPartOf\":{\"@id\":\"https:\/\/www.eveline.hu\/2016\/#website\"},\"primaryImageOfPage\":{\"@id\":\"https:\/\/www.eveline.hu\/2016\/eveline-kozmetikumok-szepsegapolas\/smink\/korom\/koromerositok\/gyemantos-koromerosito-12ml\/#primaryimage\"},\"image\":{\"@id\":\"https:\/\/www.eveline.hu\/2016\/eveline-kozmetikumok-szepsegapolas\/smink\/korom\/koromerositok\/gyemantos-koromerosito-12ml\/#primaryimage\"},\"thumbnailUrl\":\"https:\/\/www.eveline.hu\/2016\/wp-content\/uploads\/2016\/01\/5907609329721_DIAMOND-HARD-AND-SHINY-NAILS-w.png\",\"datePublished\":\"2016-01-28T16:58:18+00:00\",\"dateModified\":\"2025-07-30T14:28:36+00:00\",\"description\":\"Gy\u00e9m\u00e1ntos k\u00f6r\u00f6mer\u00f5s\u00edt\u00f5. Extr\u00e9m er\u00f5s\u00edt\u00f5 hat\u00e1s\u00fa tit\u00e1n \u00e9s gy\u00e9m\u00e1nt tartalm\u00fa k\u00f6r\u00f6mer\u00f5s\u00edt\u00f5 olyan szuperer\u00f5s bevonatot k\u00e9pez a k\u00f6r\u00f6m fel\u00fclet\u00e9n, amely v\u00e9delmet ny\u00fajt gyenge \u00e9s t\u00f6redezett k\u00f6r\u00f6m sz\u00e1m\u00e1ra.\",\"breadcrumb\":{\"@id\":\"https:\/\/www.eveline.hu\/2016\/eveline-kozmetikumok-szepsegapolas\/smink\/korom\/koromerositok\/gyemantos-koromerosito-12ml\/#breadcrumb\"},\"inLanguage\":\"hu\",\"potentialAction\":[{\"@type\":\"ReadAction\",\"target\":[\"https:\/\/www.eveline.hu\/2016\/eveline-kozmetikumok-szepsegapolas\/smink\/korom\/koromerositok\/gyemantos-koromerosito-12ml\/\"]}]},{\"@type\":\"ImageObject\",\"inLanguage\":\"hu\",\"@id\":\"https:\/\/www.eveline.hu\/2016\/eveline-kozmetikumok-szepsegapolas\/smink\/korom\/koromerositok\/gyemantos-koromerosito-12ml\/#primaryimage\",\"url\":\"https:\/\/www.eveline.hu\/2016\/wp-content\/uploads\/2016\/01\/5907609329721_DIAMOND-HARD-AND-SHINY-NAILS-w.png\",\"contentUrl\":\"https:\/\/www.eveline.hu\/2016\/wp-content\/uploads\/2016\/01\/5907609329721_DIAMOND-HARD-AND-SHINY-NAILS-w.png\",\"width\":750,\"height\":750},{\"@type\":\"BreadcrumbList\",\"@id\":\"https:\/\/www.eveline.hu\/2016\/eveline-kozmetikumok-szepsegapolas\/smink\/korom\/koromerositok\/gyemantos-koromerosito-12ml\/#breadcrumb\",\"itemListElement\":[{\"@type\":\"ListItem\",\"position\":1,\"name\":\"Home\",\"item\":\"https:\/\/www.eveline.hu\/2016\/\"},{\"@type\":\"ListItem\",\"position\":2,\"name\":\"Term\u00e9kek\",\"item\":\"https:\/\/www.eveline.hu\/2016\/shop\/\"},{\"@type\":\"ListItem\",\"position\":3,\"name\":\"K\u00f6r\u00f6m\u00e1pol\u00f3 Gy\u00e9m\u00e1ntos k\u00f6r\u00f6mer\u0151s\u00edt\u0151 12ml\"}]},{\"@type\":\"WebSite\",\"@id\":\"https:\/\/www.eveline.hu\/2016\/#website\",\"url\":\"https:\/\/www.eveline.hu\/2016\/\",\"name\":\"Eveline Cosmetics Magyarorsz\u00e1g\",\"description\":\"Min\u0151s\u00e9gi kozmetikumok Lengyelorsz\u00e1gb\u00f3l\",\"potentialAction\":[{\"@type\":\"SearchAction\",\"target\":{\"@type\":\"EntryPoint\",\"urlTemplate\":\"https:\/\/www.eveline.hu\/2016\/?s={search_term_string}\"},\"query-input\":\"required name=search_term_string\"}],\"inLanguage\":\"hu\"}]}<\/script>\n<!-- \/ Yoast SEO plugin. -->","yoast_head_json":{"title":"Gy\u00e9m\u00e1ntos k\u00f6r\u00f6mer\u00f5s\u00edt\u00f5 12ml","description":"Gy\u00e9m\u00e1ntos k\u00f6r\u00f6mer\u00f5s\u00edt\u00f5. Extr\u00e9m er\u00f5s\u00edt\u00f5 hat\u00e1s\u00fa tit\u00e1n \u00e9s gy\u00e9m\u00e1nt tartalm\u00fa k\u00f6r\u00f6mer\u00f5s\u00edt\u00f5 olyan szuperer\u00f5s bevonatot k\u00e9pez a k\u00f6r\u00f6m fel\u00fclet\u00e9n, amely v\u00e9delmet ny\u00fajt gyenge \u00e9s t\u00f6redezett k\u00f6r\u00f6m sz\u00e1m\u00e1ra.","robots":{"index":"index","follow":"follow","max-snippet":"max-snippet:-1","max-image-preview":"max-image-preview:large","max-video-preview":"max-video-preview:-1"},"canonical":"https:\/\/www.eveline.hu\/2016\/eveline-kozmetikumok-szepsegapolas\/smink\/korom\/koromerositok\/gyemantos-koromerosito-12ml\/","og_locale":"hu_HU","og_type":"article","og_title":"Eveline kozmetikumok - Gy\u00e9m\u00e1ntos k\u00f6r\u00f6mer\u00f5s\u00edt\u00f5 12ml","og_description":"Gy\u00e9m\u00e1ntos k\u00f6r\u00f6mer\u00f5s\u00edt\u00f5. Extr\u00e9m er\u00f5s\u00edt\u00f5 hat\u00e1s\u00fa tit\u00e1n \u00e9s gy\u00e9m\u00e1nt tartalm\u00fa k\u00f6r\u00f6mer\u00f5s\u00edt\u00f5 olyan szuperer\u00f5s bevonatot k\u00e9pez a k\u00f6r\u00f6m fel\u00fclet\u00e9n, amely v\u00e9delmet ny\u00fajt gyenge \u00e9s t\u00f6redezett k\u00f6r\u00f6m sz\u00e1m\u00e1ra.","og_url":"https:\/\/www.eveline.hu\/2016\/eveline-kozmetikumok-szepsegapolas\/smink\/korom\/koromerositok\/gyemantos-koromerosito-12ml\/","og_site_name":"Eveline Cosmetics Magyarorsz\u00e1g","article_modified_time":"2025-07-30T14:28:36+00:00","og_image":[{"width":750,"height":750,"url":"https:\/\/www.eveline.hu\/2016\/wp-content\/uploads\/2016\/01\/5907609329721_DIAMOND-HARD-AND-SHINY-NAILS-w.png","type":"image\/png"}],"twitter_card":"summary_large_image","twitter_title":"Eveline kozmetikumok - Gy\u00e9m\u00e1ntos k\u00f6r\u00f6mer\u00f5s\u00edt\u00f5 12ml","twitter_misc":{"Becs\u00fclt olvas\u00e1si id\u0151":"2 perc"},"schema":{"@context":"https:\/\/schema.org","@graph":[{"@type":"WebPage","@id":"https:\/\/www.eveline.hu\/2016\/eveline-kozmetikumok-szepsegapolas\/smink\/korom\/koromerositok\/gyemantos-koromerosito-12ml\/","url":"https:\/\/www.eveline.hu\/2016\/eveline-kozmetikumok-szepsegapolas\/smink\/korom\/koromerositok\/gyemantos-koromerosito-12ml\/","name":"Gy\u00e9m\u00e1ntos k\u00f6r\u00f6mer\u00f5s\u00edt\u00f5 12ml","isPartOf":{"@id":"https:\/\/www.eveline.hu\/2016\/#website"},"primaryImageOfPage":{"@id":"https:\/\/www.eveline.hu\/2016\/eveline-kozmetikumok-szepsegapolas\/smink\/korom\/koromerositok\/gyemantos-koromerosito-12ml\/#primaryimage"},"image":{"@id":"https:\/\/www.eveline.hu\/2016\/eveline-kozmetikumok-szepsegapolas\/smink\/korom\/koromerositok\/gyemantos-koromerosito-12ml\/#primaryimage"},"thumbnailUrl":"https:\/\/www.eveline.hu\/2016\/wp-content\/uploads\/2016\/01\/5907609329721_DIAMOND-HARD-AND-SHINY-NAILS-w.png","datePublished":"2016-01-28T16:58:18+00:00","dateModified":"2025-07-30T14:28:36+00:00","description":"Gy\u00e9m\u00e1ntos k\u00f6r\u00f6mer\u00f5s\u00edt\u00f5. Extr\u00e9m er\u00f5s\u00edt\u00f5 hat\u00e1s\u00fa tit\u00e1n \u00e9s gy\u00e9m\u00e1nt tartalm\u00fa k\u00f6r\u00f6mer\u00f5s\u00edt\u00f5 olyan szuperer\u00f5s bevonatot k\u00e9pez a k\u00f6r\u00f6m fel\u00fclet\u00e9n, amely v\u00e9delmet ny\u00fajt gyenge \u00e9s t\u00f6redezett k\u00f6r\u00f6m sz\u00e1m\u00e1ra.","breadcrumb":{"@id":"https:\/\/www.eveline.hu\/2016\/eveline-kozmetikumok-szepsegapolas\/smink\/korom\/koromerositok\/gyemantos-koromerosito-12ml\/#breadcrumb"},"inLanguage":"hu","potentialAction":[{"@type":"ReadAction","target":["https:\/\/www.eveline.hu\/2016\/eveline-kozmetikumok-szepsegapolas\/smink\/korom\/koromerositok\/gyemantos-koromerosito-12ml\/"]}]},{"@type":"ImageObject","inLanguage":"hu","@id":"https:\/\/www.eveline.hu\/2016\/eveline-kozmetikumok-szepsegapolas\/smink\/korom\/koromerositok\/gyemantos-koromerosito-12ml\/#primaryimage","url":"https:\/\/www.eveline.hu\/2016\/wp-content\/uploads\/2016\/01\/5907609329721_DIAMOND-HARD-AND-SHINY-NAILS-w.png","contentUrl":"https:\/\/www.eveline.hu\/2016\/wp-content\/uploads\/2016\/01\/5907609329721_DIAMOND-HARD-AND-SHINY-NAILS-w.png","width":750,"height":750},{"@type":"BreadcrumbList","@id":"https:\/\/www.eveline.hu\/2016\/eveline-kozmetikumok-szepsegapolas\/smink\/korom\/koromerositok\/gyemantos-koromerosito-12ml\/#breadcrumb","itemListElement":[{"@type":"ListItem","position":1,"name":"Home","item":"https:\/\/www.eveline.hu\/2016\/"},{"@type":"ListItem","position":2,"name":"Term\u00e9kek","item":"https:\/\/www.eveline.hu\/2016\/shop\/"},{"@type":"ListItem","position":3,"name":"K\u00f6r\u00f6m\u00e1pol\u00f3 Gy\u00e9m\u00e1ntos k\u00f6r\u00f6mer\u0151s\u00edt\u0151 12ml"}]},{"@type":"WebSite","@id":"https:\/\/www.eveline.hu\/2016\/#website","url":"https:\/\/www.eveline.hu\/2016\/","name":"Eveline Cosmetics Magyarorsz\u00e1g","description":"Min\u0151s\u00e9gi kozmetikumok Lengyelorsz\u00e1gb\u00f3l","potentialAction":[{"@type":"SearchAction","target":{"@type":"EntryPoint","urlTemplate":"https:\/\/www.eveline.hu\/2016\/?s={search_term_string}"},"query-input":"required name=search_term_string"}],"inLanguage":"hu"}]}},"_links":{"self":[{"href":"https:\/\/www.eveline.hu\/2016\/wp-json\/wp\/v2\/product\/20736"}],"collection":[{"href":"https:\/\/www.eveline.hu\/2016\/wp-json\/wp\/v2\/product"}],"about":[{"href":"https:\/\/www.eveline.hu\/2016\/wp-json\/wp\/v2\/types\/product"}],"replies":[{"embeddable":true,"href":"https:\/\/www.eveline.hu\/2016\/wp-json\/wp\/v2\/comments?post=20736"}],"wp:featuredmedia":[{"embeddable":true,"href":"https:\/\/www.eveline.hu\/2016\/wp-json\/wp\/v2\/media\/25700"}],"wp:attachment":[{"href":"https:\/\/www.eveline.hu\/2016\/wp-json\/wp\/v2\/media?parent=20736"}],"wp:term":[{"taxonomy":"product_cat","embeddable":true,"href":"https:\/\/www.eveline.hu\/2016\/wp-json\/wp\/v2\/product_cat?post=20736"},{"taxonomy":"product_tag","embeddable":true,"href":"https:\/\/www.eveline.hu\/2016\/wp-json\/wp\/v2\/product_tag?post=20736"}],"curies":[{"name":"wp","href":"https:\/\/api.w.org\/{rel}","templated":true}]}}