{"id":20660,"date":"2016-01-28T17:57:30","date_gmt":"2016-01-28T16:57:30","guid":{"rendered":"http:\/\/www.eveline.hu\/2016\/eveline-kozmetikumok-szepsegapolas\/nem-kategorizalt\/glicerini-glicerines-kezkrem-aloe-100ml\/"},"modified":"2025-08-25T08:56:52","modified_gmt":"2025-08-25T06:56:52","slug":"glicerini-glicerines-kezkrem-aloe-100ml","status":"publish","type":"product","link":"https:\/\/www.eveline.hu\/2016\/eveline-kozmetikumok-szepsegapolas\/szepsegapolas\/kezapolas\/glicerini-glicerines-kezkrem-aloe-100ml\/","title":{"rendered":"Glicerini glicerines k\u00e9zkr\u00e9m aloe 100ml"},"content":{"rendered":"<p><strong>Hat\u00e1s:<\/strong><br \/>\nA k\u00fcl\u00f6nleges formula t\u00f6k\u00e9letesen v\u00e9d a k\u00e1ros k\u00fcls\u0151 hat\u00e1sokt\u00f3l. A kr\u00e9m er\u0151s\u00edti a k\u00f6rm\u00f6ket \u00e9s a k\u00f6r\u00fcl\u00f6tte l\u00e9v\u0151 b\u0151rt.<\/p>\n<p><strong>Akt\u00edv \u00f6sszetev\u0151k:<\/strong><br \/>\nAloe kivonat, Karit\u00e9 vaj, Glicerin, B\u00fazacs\u00edra olaj, Kollag\u00e9n \u00e9s elasztin, D-panthenol \u00e9s allantoin, E vitamin.<\/p>\n<p><strong>Haszn\u00e1lat:<\/strong><br \/>\nHaszn\u00e1lja a k\u00e9z b\u0151r\u00e9n \u00e9s gyeng\u00e9den massz\u00edrozza be. Alkalmazza minden k\u00e9zmos\u00e1s ut\u00e1n.<\/p>\n","protected":false},"excerpt":{"rendered":"<p>100ml ( 6900 Ft\/l )<\/p>\n<p>Koncentr\u00e1lt glicerines k\u00e9z \u00e9s k\u00f6r\u00f6m kr\u00e9m. Intenz\u00edv, hosszan tart\u00f3 hidrat\u00e1l\u00e1st biztos\u00edt a b\u0151rnek, m\u00e9g a nagyon t\u00f6nkretett \u00e9s kisz\u00e1radt kezek is k\u00fcl\u00f6n\u00f6sen puh\u00e1k \u00e9s szat\u00e9nosan sim\u00e1k lesznek.<\/p>\n","protected":false},"featured_media":32307,"comment_status":"open","ping_status":"closed","template":"","meta":[],"product_cat":[125,128,129,100,111],"product_tag":[],"yoast_head":"<!-- This site is optimized with the Yoast SEO plugin v22.2 - https:\/\/yoast.com\/wordpress\/plugins\/seo\/ -->\n<title>Glicerini glicerines k\u00e9zkr\u00e9m aloe 100ml<\/title>\n<meta name=\"description\" content=\"Koncentr\u00e1lt glicerines k\u00e9z \u00e9s k\u00f6r\u00f6m kr\u00e9m. Intenz\u00edv, hosszantart\u00f3 hidrat\u00e1l\u00e1st biztos\u00edt a b\u00f5rnek, m\u00e9g a nagyon t\u00f6nkretett \u00e9s kisz\u00e1radt kezek is k\u00fcl\u00f6n\u00f6sen puh\u00e1k \u00e9s szat\u00e9nosan sim\u00e1k lesznek.\" \/>\n<meta name=\"robots\" content=\"index, follow, max-snippet:-1, max-image-preview:large, max-video-preview:-1\" \/>\n<link rel=\"canonical\" href=\"https:\/\/www.eveline.hu\/2016\/eveline-kozmetikumok-szepsegapolas\/szepsegapolas\/kezapolas\/glicerini-glicerines-kezkrem-aloe-100ml\/\" \/>\n<meta property=\"og:locale\" content=\"hu_HU\" \/>\n<meta property=\"og:type\" content=\"article\" \/>\n<meta property=\"og:title\" content=\"Eveline kozmetikumok - Glicerini glicerines k\u00e9zkr\u00e9m aloe 100ml\" \/>\n<meta property=\"og:description\" content=\"Koncentr\u00e1lt glicerines k\u00e9z \u00e9s k\u00f6r\u00f6m kr\u00e9m. Intenz\u00edv, hosszantart\u00f3 hidrat\u00e1l\u00e1st biztos\u00edt a b\u00f5rnek, m\u00e9g a nagyon t\u00f6nkretett \u00e9s kisz\u00e1radt kezek is k\u00fcl\u00f6n\u00f6sen puh\u00e1k \u00e9s szat\u00e9nosan sim\u00e1k lesznek.\" \/>\n<meta property=\"og:url\" content=\"https:\/\/www.eveline.hu\/2016\/eveline-kozmetikumok-szepsegapolas\/szepsegapolas\/kezapolas\/glicerini-glicerines-kezkrem-aloe-100ml\/\" \/>\n<meta property=\"og:site_name\" content=\"Eveline Cosmetics Magyarorsz\u00e1g\" \/>\n<meta property=\"article:modified_time\" content=\"2025-08-25T06:56:52+00:00\" \/>\n<meta property=\"og:image\" content=\"https:\/\/www.eveline.hu\/2016\/wp-content\/uploads\/2016\/01\/Glicerin-kez-aloe.png\" \/>\n\t<meta property=\"og:image:width\" content=\"750\" \/>\n\t<meta property=\"og:image:height\" content=\"750\" \/>\n\t<meta property=\"og:image:type\" content=\"image\/png\" \/>\n<meta name=\"twitter:card\" content=\"summary_large_image\" \/>\n<meta name=\"twitter:title\" content=\"Eveline kozmetikumok - Glicerini glicerines k\u00e9zkr\u00e9m aloe 100ml\" \/>\n<meta name=\"twitter:label1\" content=\"Becs\u00fclt olvas\u00e1si id\u0151\" \/>\n\t<meta name=\"twitter:data1\" content=\"1 perc\" \/>\n<script type=\"application\/ld+json\" class=\"yoast-schema-graph\">{\"@context\":\"https:\/\/schema.org\",\"@graph\":[{\"@type\":\"WebPage\",\"@id\":\"https:\/\/www.eveline.hu\/2016\/eveline-kozmetikumok-szepsegapolas\/szepsegapolas\/kezapolas\/glicerini-glicerines-kezkrem-aloe-100ml\/\",\"url\":\"https:\/\/www.eveline.hu\/2016\/eveline-kozmetikumok-szepsegapolas\/szepsegapolas\/kezapolas\/glicerini-glicerines-kezkrem-aloe-100ml\/\",\"name\":\"Glicerini glicerines k\u00e9zkr\u00e9m aloe 100ml\",\"isPartOf\":{\"@id\":\"https:\/\/www.eveline.hu\/2016\/#website\"},\"primaryImageOfPage\":{\"@id\":\"https:\/\/www.eveline.hu\/2016\/eveline-kozmetikumok-szepsegapolas\/szepsegapolas\/kezapolas\/glicerini-glicerines-kezkrem-aloe-100ml\/#primaryimage\"},\"image\":{\"@id\":\"https:\/\/www.eveline.hu\/2016\/eveline-kozmetikumok-szepsegapolas\/szepsegapolas\/kezapolas\/glicerini-glicerines-kezkrem-aloe-100ml\/#primaryimage\"},\"thumbnailUrl\":\"https:\/\/www.eveline.hu\/2016\/wp-content\/uploads\/2016\/01\/Glicerin-kez-aloe.png\",\"datePublished\":\"2016-01-28T16:57:30+00:00\",\"dateModified\":\"2025-08-25T06:56:52+00:00\",\"description\":\"Koncentr\u00e1lt glicerines k\u00e9z \u00e9s k\u00f6r\u00f6m kr\u00e9m. Intenz\u00edv, hosszantart\u00f3 hidrat\u00e1l\u00e1st biztos\u00edt a b\u00f5rnek, m\u00e9g a nagyon t\u00f6nkretett \u00e9s kisz\u00e1radt kezek is k\u00fcl\u00f6n\u00f6sen puh\u00e1k \u00e9s szat\u00e9nosan sim\u00e1k lesznek.\",\"breadcrumb\":{\"@id\":\"https:\/\/www.eveline.hu\/2016\/eveline-kozmetikumok-szepsegapolas\/szepsegapolas\/kezapolas\/glicerini-glicerines-kezkrem-aloe-100ml\/#breadcrumb\"},\"inLanguage\":\"hu\",\"potentialAction\":[{\"@type\":\"ReadAction\",\"target\":[\"https:\/\/www.eveline.hu\/2016\/eveline-kozmetikumok-szepsegapolas\/szepsegapolas\/kezapolas\/glicerini-glicerines-kezkrem-aloe-100ml\/\"]}]},{\"@type\":\"ImageObject\",\"inLanguage\":\"hu\",\"@id\":\"https:\/\/www.eveline.hu\/2016\/eveline-kozmetikumok-szepsegapolas\/szepsegapolas\/kezapolas\/glicerini-glicerines-kezkrem-aloe-100ml\/#primaryimage\",\"url\":\"https:\/\/www.eveline.hu\/2016\/wp-content\/uploads\/2016\/01\/Glicerin-kez-aloe.png\",\"contentUrl\":\"https:\/\/www.eveline.hu\/2016\/wp-content\/uploads\/2016\/01\/Glicerin-kez-aloe.png\",\"width\":750,\"height\":750},{\"@type\":\"BreadcrumbList\",\"@id\":\"https:\/\/www.eveline.hu\/2016\/eveline-kozmetikumok-szepsegapolas\/szepsegapolas\/kezapolas\/glicerini-glicerines-kezkrem-aloe-100ml\/#breadcrumb\",\"itemListElement\":[{\"@type\":\"ListItem\",\"position\":1,\"name\":\"Home\",\"item\":\"https:\/\/www.eveline.hu\/2016\/\"},{\"@type\":\"ListItem\",\"position\":2,\"name\":\"Term\u00e9kek\",\"item\":\"https:\/\/www.eveline.hu\/2016\/shop\/\"},{\"@type\":\"ListItem\",\"position\":3,\"name\":\"Glicerini glicerines k\u00e9zkr\u00e9m aloe 100ml\"}]},{\"@type\":\"WebSite\",\"@id\":\"https:\/\/www.eveline.hu\/2016\/#website\",\"url\":\"https:\/\/www.eveline.hu\/2016\/\",\"name\":\"Eveline Cosmetics Magyarorsz\u00e1g\",\"description\":\"Min\u0151s\u00e9gi kozmetikumok Lengyelorsz\u00e1gb\u00f3l\",\"potentialAction\":[{\"@type\":\"SearchAction\",\"target\":{\"@type\":\"EntryPoint\",\"urlTemplate\":\"https:\/\/www.eveline.hu\/2016\/?s={search_term_string}\"},\"query-input\":\"required name=search_term_string\"}],\"inLanguage\":\"hu\"}]}<\/script>\n<!-- \/ Yoast SEO plugin. -->","yoast_head_json":{"title":"Glicerini glicerines k\u00e9zkr\u00e9m aloe 100ml","description":"Koncentr\u00e1lt glicerines k\u00e9z \u00e9s k\u00f6r\u00f6m kr\u00e9m. Intenz\u00edv, hosszantart\u00f3 hidrat\u00e1l\u00e1st biztos\u00edt a b\u00f5rnek, m\u00e9g a nagyon t\u00f6nkretett \u00e9s kisz\u00e1radt kezek is k\u00fcl\u00f6n\u00f6sen puh\u00e1k \u00e9s szat\u00e9nosan sim\u00e1k lesznek.","robots":{"index":"index","follow":"follow","max-snippet":"max-snippet:-1","max-image-preview":"max-image-preview:large","max-video-preview":"max-video-preview:-1"},"canonical":"https:\/\/www.eveline.hu\/2016\/eveline-kozmetikumok-szepsegapolas\/szepsegapolas\/kezapolas\/glicerini-glicerines-kezkrem-aloe-100ml\/","og_locale":"hu_HU","og_type":"article","og_title":"Eveline kozmetikumok - Glicerini glicerines k\u00e9zkr\u00e9m aloe 100ml","og_description":"Koncentr\u00e1lt glicerines k\u00e9z \u00e9s k\u00f6r\u00f6m kr\u00e9m. Intenz\u00edv, hosszantart\u00f3 hidrat\u00e1l\u00e1st biztos\u00edt a b\u00f5rnek, m\u00e9g a nagyon t\u00f6nkretett \u00e9s kisz\u00e1radt kezek is k\u00fcl\u00f6n\u00f6sen puh\u00e1k \u00e9s szat\u00e9nosan sim\u00e1k lesznek.","og_url":"https:\/\/www.eveline.hu\/2016\/eveline-kozmetikumok-szepsegapolas\/szepsegapolas\/kezapolas\/glicerini-glicerines-kezkrem-aloe-100ml\/","og_site_name":"Eveline Cosmetics Magyarorsz\u00e1g","article_modified_time":"2025-08-25T06:56:52+00:00","og_image":[{"width":750,"height":750,"url":"https:\/\/www.eveline.hu\/2016\/wp-content\/uploads\/2016\/01\/Glicerin-kez-aloe.png","type":"image\/png"}],"twitter_card":"summary_large_image","twitter_title":"Eveline kozmetikumok - Glicerini glicerines k\u00e9zkr\u00e9m aloe 100ml","twitter_misc":{"Becs\u00fclt olvas\u00e1si id\u0151":"1 perc"},"schema":{"@context":"https:\/\/schema.org","@graph":[{"@type":"WebPage","@id":"https:\/\/www.eveline.hu\/2016\/eveline-kozmetikumok-szepsegapolas\/szepsegapolas\/kezapolas\/glicerini-glicerines-kezkrem-aloe-100ml\/","url":"https:\/\/www.eveline.hu\/2016\/eveline-kozmetikumok-szepsegapolas\/szepsegapolas\/kezapolas\/glicerini-glicerines-kezkrem-aloe-100ml\/","name":"Glicerini glicerines k\u00e9zkr\u00e9m aloe 100ml","isPartOf":{"@id":"https:\/\/www.eveline.hu\/2016\/#website"},"primaryImageOfPage":{"@id":"https:\/\/www.eveline.hu\/2016\/eveline-kozmetikumok-szepsegapolas\/szepsegapolas\/kezapolas\/glicerini-glicerines-kezkrem-aloe-100ml\/#primaryimage"},"image":{"@id":"https:\/\/www.eveline.hu\/2016\/eveline-kozmetikumok-szepsegapolas\/szepsegapolas\/kezapolas\/glicerini-glicerines-kezkrem-aloe-100ml\/#primaryimage"},"thumbnailUrl":"https:\/\/www.eveline.hu\/2016\/wp-content\/uploads\/2016\/01\/Glicerin-kez-aloe.png","datePublished":"2016-01-28T16:57:30+00:00","dateModified":"2025-08-25T06:56:52+00:00","description":"Koncentr\u00e1lt glicerines k\u00e9z \u00e9s k\u00f6r\u00f6m kr\u00e9m. Intenz\u00edv, hosszantart\u00f3 hidrat\u00e1l\u00e1st biztos\u00edt a b\u00f5rnek, m\u00e9g a nagyon t\u00f6nkretett \u00e9s kisz\u00e1radt kezek is k\u00fcl\u00f6n\u00f6sen puh\u00e1k \u00e9s szat\u00e9nosan sim\u00e1k lesznek.","breadcrumb":{"@id":"https:\/\/www.eveline.hu\/2016\/eveline-kozmetikumok-szepsegapolas\/szepsegapolas\/kezapolas\/glicerini-glicerines-kezkrem-aloe-100ml\/#breadcrumb"},"inLanguage":"hu","potentialAction":[{"@type":"ReadAction","target":["https:\/\/www.eveline.hu\/2016\/eveline-kozmetikumok-szepsegapolas\/szepsegapolas\/kezapolas\/glicerini-glicerines-kezkrem-aloe-100ml\/"]}]},{"@type":"ImageObject","inLanguage":"hu","@id":"https:\/\/www.eveline.hu\/2016\/eveline-kozmetikumok-szepsegapolas\/szepsegapolas\/kezapolas\/glicerini-glicerines-kezkrem-aloe-100ml\/#primaryimage","url":"https:\/\/www.eveline.hu\/2016\/wp-content\/uploads\/2016\/01\/Glicerin-kez-aloe.png","contentUrl":"https:\/\/www.eveline.hu\/2016\/wp-content\/uploads\/2016\/01\/Glicerin-kez-aloe.png","width":750,"height":750},{"@type":"BreadcrumbList","@id":"https:\/\/www.eveline.hu\/2016\/eveline-kozmetikumok-szepsegapolas\/szepsegapolas\/kezapolas\/glicerini-glicerines-kezkrem-aloe-100ml\/#breadcrumb","itemListElement":[{"@type":"ListItem","position":1,"name":"Home","item":"https:\/\/www.eveline.hu\/2016\/"},{"@type":"ListItem","position":2,"name":"Term\u00e9kek","item":"https:\/\/www.eveline.hu\/2016\/shop\/"},{"@type":"ListItem","position":3,"name":"Glicerini glicerines k\u00e9zkr\u00e9m aloe 100ml"}]},{"@type":"WebSite","@id":"https:\/\/www.eveline.hu\/2016\/#website","url":"https:\/\/www.eveline.hu\/2016\/","name":"Eveline Cosmetics Magyarorsz\u00e1g","description":"Min\u0151s\u00e9gi kozmetikumok Lengyelorsz\u00e1gb\u00f3l","potentialAction":[{"@type":"SearchAction","target":{"@type":"EntryPoint","urlTemplate":"https:\/\/www.eveline.hu\/2016\/?s={search_term_string}"},"query-input":"required name=search_term_string"}],"inLanguage":"hu"}]}},"_links":{"self":[{"href":"https:\/\/www.eveline.hu\/2016\/wp-json\/wp\/v2\/product\/20660"}],"collection":[{"href":"https:\/\/www.eveline.hu\/2016\/wp-json\/wp\/v2\/product"}],"about":[{"href":"https:\/\/www.eveline.hu\/2016\/wp-json\/wp\/v2\/types\/product"}],"replies":[{"embeddable":true,"href":"https:\/\/www.eveline.hu\/2016\/wp-json\/wp\/v2\/comments?post=20660"}],"wp:featuredmedia":[{"embeddable":true,"href":"https:\/\/www.eveline.hu\/2016\/wp-json\/wp\/v2\/media\/32307"}],"wp:attachment":[{"href":"https:\/\/www.eveline.hu\/2016\/wp-json\/wp\/v2\/media?parent=20660"}],"wp:term":[{"taxonomy":"product_cat","embeddable":true,"href":"https:\/\/www.eveline.hu\/2016\/wp-json\/wp\/v2\/product_cat?post=20660"},{"taxonomy":"product_tag","embeddable":true,"href":"https:\/\/www.eveline.hu\/2016\/wp-json\/wp\/v2\/product_tag?post=20660"}],"curies":[{"name":"wp","href":"https:\/\/api.w.org\/{rel}","templated":true}]}}