{"id":20656,"date":"2016-01-28T17:57:30","date_gmt":"2016-01-28T16:57:30","guid":{"rendered":"http:\/\/www.eveline.hu\/2016\/eveline-kozmetikumok-szepsegapolas\/nem-kategorizalt\/extra-soft-kezkrem-100ml\/"},"modified":"2023-03-06T14:47:57","modified_gmt":"2023-03-06T13:47:57","slug":"extra-soft-kezkrem-100ml","status":"publish","type":"product","link":"https:\/\/www.eveline.hu\/2016\/eveline-kozmetikumok-szepsegapolas\/szepsegapolas\/kezapolas\/extra-soft-kezkrem-100ml\/","title":{"rendered":"Extra Soft k\u00e9zkr\u00e9m 100ml"},"content":{"rendered":"<p><strong>Hat\u00e1sok:<\/strong><br \/>\nMag\u00e1ba foglalja a sv\u00e1jci formula gazdags\u00e1g\u00e1t, er\u0151s regener\u00e1l\u00f3, hidrat\u00e1l\u00f3 \u00e9s nyugtat\u00f3 tulajdons\u00e1gokkal. T\u00f6k\u00e9letesen felsz\u00edv\u00f3dik, l\u00e1thatatlan v\u00e9delmi r\u00e9teget k\u00e9pez a k\u00e1ros k\u00fcls\u0151 t\u00e9nyez\u0151kkel szemben. Ezent\u00fal er\u0151s\u00edti a k\u00f6rm\u00f6t \u00e9s puh\u00edtja a b\u0151rt, megg\u00e1tolva beszakad\u00e1s\u00e1t. Puh\u00e1v\u00e1, ide\u00e1lisan sim\u00e1v\u00e1 \u00e9s gyeng\u00e9dd\u00e9 teszi a kezet, mint soha eddig.<\/p>\n<p><strong>Akt\u00edv \u00f6sszetev\u0151k:<\/strong><br \/>\n5% urea &#8211; azonnali m\u00e9ly hidrat\u00e1l\u00e1st biztos\u00edt.<br \/>\nCeramid &#8211; kieg\u00e9sz\u00edti a lecs\u00f6kkent \u00e9rt\u00e9kes lipideket a felh\u00e1mban. Avok\u00e1d\u00f3 olaj &#8211; megg\u00e1tolja a v\u00edzveszt\u00e9st a felh\u00e1mb\u00f3l, v\u00e9dve a kisz\u00e1rad\u00e1st\u00f3l.<br \/>\nD-panthenol+allantoin- nyugtat\u00f3 \u00e9s gyullad\u00e1scs\u00f6kkent\u0151 hat\u00e1s\u00fa.<br \/>\nA,E,F vitamin komplex &#8211; m\u00e9lyen t\u00e1pl\u00e1l \u00e9s regener\u00e1l.<\/p>\n","protected":false},"excerpt":{"rendered":"<p>100ml ( 7300 Ft\/l )<\/p>\n<p>K\u00e9z- \u00e9s k\u00f6r\u00f6m\u00e1pol\u00f3 kr\u00e9m-koncentr\u00e1tum, megsz\u00fcnteti a sz\u00e1razs\u00e1got, \u00e9rdess\u00e9get \u00e9s h\u00e1ml\u00e1st, regener\u00e1lja a s\u00e9r\u00fclt felh\u00e1mot, er\u0151s\u00edti a k\u00f6rm\u00f6t.<\/p>\n","protected":false},"featured_media":21201,"comment_status":"open","ping_status":"closed","template":"","meta":[],"product_cat":[125,128,129,99,100,111],"product_tag":[],"yoast_head":"<!-- This site is optimized with the Yoast SEO plugin v22.2 - https:\/\/yoast.com\/wordpress\/plugins\/seo\/ -->\n<title>Extra Soft k\u00e9zkr\u00e9m 100ml<\/title>\n<meta name=\"description\" content=\"K\u00e9z- \u00e9s k\u00f6r\u00f6m\u00e1pol\u00f3 kr\u00e9m-koncentr\u00e1tum, megsz\u00fcnteti a sz\u00e1razs\u00e1got, \u00e9rdess\u00e9get \u00e9s h\u00e1ml\u00e1st, regener\u00e1lja a s\u00e9r\u00fclt felh\u00e1mot, er\u00f5s\u00edti a k\u00f6rm\u00f6t.\" \/>\n<meta name=\"robots\" content=\"index, follow, max-snippet:-1, max-image-preview:large, max-video-preview:-1\" \/>\n<link rel=\"canonical\" href=\"https:\/\/www.eveline.hu\/2016\/eveline-kozmetikumok-szepsegapolas\/szepsegapolas\/kezapolas\/extra-soft-kezkrem-100ml\/\" \/>\n<meta property=\"og:locale\" content=\"hu_HU\" \/>\n<meta property=\"og:type\" content=\"article\" \/>\n<meta property=\"og:title\" content=\"Eveline kozmetikumok - Extra Soft k\u00e9zkr\u00e9m 100ml\" \/>\n<meta property=\"og:description\" content=\"K\u00e9z- \u00e9s k\u00f6r\u00f6m\u00e1pol\u00f3 kr\u00e9m-koncentr\u00e1tum, megsz\u00fcnteti a sz\u00e1razs\u00e1got, \u00e9rdess\u00e9get \u00e9s h\u00e1ml\u00e1st, regener\u00e1lja a s\u00e9r\u00fclt felh\u00e1mot, er\u00f5s\u00edti a k\u00f6rm\u00f6t.\" \/>\n<meta property=\"og:url\" content=\"https:\/\/www.eveline.hu\/2016\/eveline-kozmetikumok-szepsegapolas\/szepsegapolas\/kezapolas\/extra-soft-kezkrem-100ml\/\" \/>\n<meta property=\"og:site_name\" content=\"Eveline Cosmetics Magyarorsz\u00e1g\" \/>\n<meta property=\"article:modified_time\" content=\"2023-03-06T13:47:57+00:00\" \/>\n<meta property=\"og:image\" content=\"https:\/\/www.eveline.hu\/2016\/wp-content\/uploads\/2016\/01\/0003_e_piel_extrasoft_rece.png\" \/>\n\t<meta property=\"og:image:width\" content=\"750\" \/>\n\t<meta property=\"og:image:height\" content=\"750\" \/>\n\t<meta property=\"og:image:type\" content=\"image\/png\" \/>\n<meta name=\"twitter:card\" content=\"summary_large_image\" \/>\n<meta name=\"twitter:title\" content=\"Eveline kozmetikumok - Extra Soft k\u00e9zkr\u00e9m 100ml\" \/>\n<meta name=\"twitter:label1\" content=\"Becs\u00fclt olvas\u00e1si id\u0151\" \/>\n\t<meta name=\"twitter:data1\" content=\"1 perc\" \/>\n<script type=\"application\/ld+json\" class=\"yoast-schema-graph\">{\"@context\":\"https:\/\/schema.org\",\"@graph\":[{\"@type\":\"WebPage\",\"@id\":\"https:\/\/www.eveline.hu\/2016\/eveline-kozmetikumok-szepsegapolas\/szepsegapolas\/kezapolas\/extra-soft-kezkrem-100ml\/\",\"url\":\"https:\/\/www.eveline.hu\/2016\/eveline-kozmetikumok-szepsegapolas\/szepsegapolas\/kezapolas\/extra-soft-kezkrem-100ml\/\",\"name\":\"Extra Soft k\u00e9zkr\u00e9m 100ml\",\"isPartOf\":{\"@id\":\"https:\/\/www.eveline.hu\/2016\/#website\"},\"primaryImageOfPage\":{\"@id\":\"https:\/\/www.eveline.hu\/2016\/eveline-kozmetikumok-szepsegapolas\/szepsegapolas\/kezapolas\/extra-soft-kezkrem-100ml\/#primaryimage\"},\"image\":{\"@id\":\"https:\/\/www.eveline.hu\/2016\/eveline-kozmetikumok-szepsegapolas\/szepsegapolas\/kezapolas\/extra-soft-kezkrem-100ml\/#primaryimage\"},\"thumbnailUrl\":\"https:\/\/www.eveline.hu\/2016\/wp-content\/uploads\/2016\/01\/0003_e_piel_extrasoft_rece.png\",\"datePublished\":\"2016-01-28T16:57:30+00:00\",\"dateModified\":\"2023-03-06T13:47:57+00:00\",\"description\":\"K\u00e9z- \u00e9s k\u00f6r\u00f6m\u00e1pol\u00f3 kr\u00e9m-koncentr\u00e1tum, megsz\u00fcnteti a sz\u00e1razs\u00e1got, \u00e9rdess\u00e9get \u00e9s h\u00e1ml\u00e1st, regener\u00e1lja a s\u00e9r\u00fclt felh\u00e1mot, er\u00f5s\u00edti a k\u00f6rm\u00f6t.\",\"breadcrumb\":{\"@id\":\"https:\/\/www.eveline.hu\/2016\/eveline-kozmetikumok-szepsegapolas\/szepsegapolas\/kezapolas\/extra-soft-kezkrem-100ml\/#breadcrumb\"},\"inLanguage\":\"hu\",\"potentialAction\":[{\"@type\":\"ReadAction\",\"target\":[\"https:\/\/www.eveline.hu\/2016\/eveline-kozmetikumok-szepsegapolas\/szepsegapolas\/kezapolas\/extra-soft-kezkrem-100ml\/\"]}]},{\"@type\":\"ImageObject\",\"inLanguage\":\"hu\",\"@id\":\"https:\/\/www.eveline.hu\/2016\/eveline-kozmetikumok-szepsegapolas\/szepsegapolas\/kezapolas\/extra-soft-kezkrem-100ml\/#primaryimage\",\"url\":\"https:\/\/www.eveline.hu\/2016\/wp-content\/uploads\/2016\/01\/0003_e_piel_extrasoft_rece.png\",\"contentUrl\":\"https:\/\/www.eveline.hu\/2016\/wp-content\/uploads\/2016\/01\/0003_e_piel_extrasoft_rece.png\",\"width\":750,\"height\":750},{\"@type\":\"BreadcrumbList\",\"@id\":\"https:\/\/www.eveline.hu\/2016\/eveline-kozmetikumok-szepsegapolas\/szepsegapolas\/kezapolas\/extra-soft-kezkrem-100ml\/#breadcrumb\",\"itemListElement\":[{\"@type\":\"ListItem\",\"position\":1,\"name\":\"Home\",\"item\":\"https:\/\/www.eveline.hu\/2016\/\"},{\"@type\":\"ListItem\",\"position\":2,\"name\":\"Term\u00e9kek\",\"item\":\"https:\/\/www.eveline.hu\/2016\/shop\/\"},{\"@type\":\"ListItem\",\"position\":3,\"name\":\"Extra Soft k\u00e9zkr\u00e9m 100ml\"}]},{\"@type\":\"WebSite\",\"@id\":\"https:\/\/www.eveline.hu\/2016\/#website\",\"url\":\"https:\/\/www.eveline.hu\/2016\/\",\"name\":\"Eveline Cosmetics Magyarorsz\u00e1g\",\"description\":\"Min\u0151s\u00e9gi kozmetikumok Lengyelorsz\u00e1gb\u00f3l\",\"potentialAction\":[{\"@type\":\"SearchAction\",\"target\":{\"@type\":\"EntryPoint\",\"urlTemplate\":\"https:\/\/www.eveline.hu\/2016\/?s={search_term_string}\"},\"query-input\":\"required name=search_term_string\"}],\"inLanguage\":\"hu\"}]}<\/script>\n<!-- \/ Yoast SEO plugin. -->","yoast_head_json":{"title":"Extra Soft k\u00e9zkr\u00e9m 100ml","description":"K\u00e9z- \u00e9s k\u00f6r\u00f6m\u00e1pol\u00f3 kr\u00e9m-koncentr\u00e1tum, megsz\u00fcnteti a sz\u00e1razs\u00e1got, \u00e9rdess\u00e9get \u00e9s h\u00e1ml\u00e1st, regener\u00e1lja a s\u00e9r\u00fclt felh\u00e1mot, er\u00f5s\u00edti a k\u00f6rm\u00f6t.","robots":{"index":"index","follow":"follow","max-snippet":"max-snippet:-1","max-image-preview":"max-image-preview:large","max-video-preview":"max-video-preview:-1"},"canonical":"https:\/\/www.eveline.hu\/2016\/eveline-kozmetikumok-szepsegapolas\/szepsegapolas\/kezapolas\/extra-soft-kezkrem-100ml\/","og_locale":"hu_HU","og_type":"article","og_title":"Eveline kozmetikumok - Extra Soft k\u00e9zkr\u00e9m 100ml","og_description":"K\u00e9z- \u00e9s k\u00f6r\u00f6m\u00e1pol\u00f3 kr\u00e9m-koncentr\u00e1tum, megsz\u00fcnteti a sz\u00e1razs\u00e1got, \u00e9rdess\u00e9get \u00e9s h\u00e1ml\u00e1st, regener\u00e1lja a s\u00e9r\u00fclt felh\u00e1mot, er\u00f5s\u00edti a k\u00f6rm\u00f6t.","og_url":"https:\/\/www.eveline.hu\/2016\/eveline-kozmetikumok-szepsegapolas\/szepsegapolas\/kezapolas\/extra-soft-kezkrem-100ml\/","og_site_name":"Eveline Cosmetics Magyarorsz\u00e1g","article_modified_time":"2023-03-06T13:47:57+00:00","og_image":[{"width":750,"height":750,"url":"https:\/\/www.eveline.hu\/2016\/wp-content\/uploads\/2016\/01\/0003_e_piel_extrasoft_rece.png","type":"image\/png"}],"twitter_card":"summary_large_image","twitter_title":"Eveline kozmetikumok - Extra Soft k\u00e9zkr\u00e9m 100ml","twitter_misc":{"Becs\u00fclt olvas\u00e1si id\u0151":"1 perc"},"schema":{"@context":"https:\/\/schema.org","@graph":[{"@type":"WebPage","@id":"https:\/\/www.eveline.hu\/2016\/eveline-kozmetikumok-szepsegapolas\/szepsegapolas\/kezapolas\/extra-soft-kezkrem-100ml\/","url":"https:\/\/www.eveline.hu\/2016\/eveline-kozmetikumok-szepsegapolas\/szepsegapolas\/kezapolas\/extra-soft-kezkrem-100ml\/","name":"Extra Soft k\u00e9zkr\u00e9m 100ml","isPartOf":{"@id":"https:\/\/www.eveline.hu\/2016\/#website"},"primaryImageOfPage":{"@id":"https:\/\/www.eveline.hu\/2016\/eveline-kozmetikumok-szepsegapolas\/szepsegapolas\/kezapolas\/extra-soft-kezkrem-100ml\/#primaryimage"},"image":{"@id":"https:\/\/www.eveline.hu\/2016\/eveline-kozmetikumok-szepsegapolas\/szepsegapolas\/kezapolas\/extra-soft-kezkrem-100ml\/#primaryimage"},"thumbnailUrl":"https:\/\/www.eveline.hu\/2016\/wp-content\/uploads\/2016\/01\/0003_e_piel_extrasoft_rece.png","datePublished":"2016-01-28T16:57:30+00:00","dateModified":"2023-03-06T13:47:57+00:00","description":"K\u00e9z- \u00e9s k\u00f6r\u00f6m\u00e1pol\u00f3 kr\u00e9m-koncentr\u00e1tum, megsz\u00fcnteti a sz\u00e1razs\u00e1got, \u00e9rdess\u00e9get \u00e9s h\u00e1ml\u00e1st, regener\u00e1lja a s\u00e9r\u00fclt felh\u00e1mot, er\u00f5s\u00edti a k\u00f6rm\u00f6t.","breadcrumb":{"@id":"https:\/\/www.eveline.hu\/2016\/eveline-kozmetikumok-szepsegapolas\/szepsegapolas\/kezapolas\/extra-soft-kezkrem-100ml\/#breadcrumb"},"inLanguage":"hu","potentialAction":[{"@type":"ReadAction","target":["https:\/\/www.eveline.hu\/2016\/eveline-kozmetikumok-szepsegapolas\/szepsegapolas\/kezapolas\/extra-soft-kezkrem-100ml\/"]}]},{"@type":"ImageObject","inLanguage":"hu","@id":"https:\/\/www.eveline.hu\/2016\/eveline-kozmetikumok-szepsegapolas\/szepsegapolas\/kezapolas\/extra-soft-kezkrem-100ml\/#primaryimage","url":"https:\/\/www.eveline.hu\/2016\/wp-content\/uploads\/2016\/01\/0003_e_piel_extrasoft_rece.png","contentUrl":"https:\/\/www.eveline.hu\/2016\/wp-content\/uploads\/2016\/01\/0003_e_piel_extrasoft_rece.png","width":750,"height":750},{"@type":"BreadcrumbList","@id":"https:\/\/www.eveline.hu\/2016\/eveline-kozmetikumok-szepsegapolas\/szepsegapolas\/kezapolas\/extra-soft-kezkrem-100ml\/#breadcrumb","itemListElement":[{"@type":"ListItem","position":1,"name":"Home","item":"https:\/\/www.eveline.hu\/2016\/"},{"@type":"ListItem","position":2,"name":"Term\u00e9kek","item":"https:\/\/www.eveline.hu\/2016\/shop\/"},{"@type":"ListItem","position":3,"name":"Extra Soft k\u00e9zkr\u00e9m 100ml"}]},{"@type":"WebSite","@id":"https:\/\/www.eveline.hu\/2016\/#website","url":"https:\/\/www.eveline.hu\/2016\/","name":"Eveline Cosmetics Magyarorsz\u00e1g","description":"Min\u0151s\u00e9gi kozmetikumok Lengyelorsz\u00e1gb\u00f3l","potentialAction":[{"@type":"SearchAction","target":{"@type":"EntryPoint","urlTemplate":"https:\/\/www.eveline.hu\/2016\/?s={search_term_string}"},"query-input":"required name=search_term_string"}],"inLanguage":"hu"}]}},"_links":{"self":[{"href":"https:\/\/www.eveline.hu\/2016\/wp-json\/wp\/v2\/product\/20656"}],"collection":[{"href":"https:\/\/www.eveline.hu\/2016\/wp-json\/wp\/v2\/product"}],"about":[{"href":"https:\/\/www.eveline.hu\/2016\/wp-json\/wp\/v2\/types\/product"}],"replies":[{"embeddable":true,"href":"https:\/\/www.eveline.hu\/2016\/wp-json\/wp\/v2\/comments?post=20656"}],"wp:featuredmedia":[{"embeddable":true,"href":"https:\/\/www.eveline.hu\/2016\/wp-json\/wp\/v2\/media\/21201"}],"wp:attachment":[{"href":"https:\/\/www.eveline.hu\/2016\/wp-json\/wp\/v2\/media?parent=20656"}],"wp:term":[{"taxonomy":"product_cat","embeddable":true,"href":"https:\/\/www.eveline.hu\/2016\/wp-json\/wp\/v2\/product_cat?post=20656"},{"taxonomy":"product_tag","embeddable":true,"href":"https:\/\/www.eveline.hu\/2016\/wp-json\/wp\/v2\/product_tag?post=20656"}],"curies":[{"name":"wp","href":"https:\/\/api.w.org\/{rel}","templated":true}]}}