{"id":20655,"date":"2016-01-28T17:57:30","date_gmt":"2016-01-28T16:57:30","guid":{"rendered":"http:\/\/www.eveline.hu\/2016\/eveline-kozmetikumok-szepsegapolas\/nem-kategorizalt\/sun-care-expert-napvedo-arckrem-spf50-50ml\/"},"modified":"2026-03-11T12:46:13","modified_gmt":"2026-03-11T11:46:13","slug":"sun-care-expert-napvedo-arckrem-spf50-50ml","status":"publish","type":"product","link":"https:\/\/www.eveline.hu\/2016\/eveline-kozmetikumok-szepsegapolas\/szepsegapolas\/napvedelem\/sun-care-expert-napvedo-arckrem-spf50-50ml\/","title":{"rendered":"Sun Care Expert napv\u00e9d\u0151 arckr\u00e9m SPF50 50ml"},"content":{"rendered":"<p><strong>Napv\u00e9d\u0151 arckr\u00e9m SPF50<\/strong><\/p>\n<p><strong>ER\u0150S V\u00c9DELEM.<\/strong><\/p>\n<p>\u00c9rz\u00e9keny \u00e9s allergi\u00e1ra hajlamos b\u0151rre.<\/p>\n<p>A HIGH PROTECTION SYSTEM<sup>TM\u00a0 <\/sup>technol\u00f3gi\u00e1nak k\u00f6sz\u00f6nhet\u0151en t\u00f6bbdimenzi\u00f3s v\u00e9delmet biztos\u00edt az UVA\/UVB sugarak ellen, megg\u00e1tolja a foto\u00f6reged\u00e9st \u00e9s garant\u00e1lja a hosszan tart\u00f3 b\u0151r DNS v\u00e9delmet. \u00a0Megakad\u00e1lyozza a pigment\u00e1ci\u00f3s foltok megjelen\u00e9s\u00e9t \u00e9s intenz\u00edven hidrat\u00e1lja a b\u0151r m\u00e9ly r\u00e9tegeit.<\/p>\n<p><em>Akt\u00edv \u00f6sszetev\u0151k:<\/em><\/p>\n<p>Antyleuskine Complex \u2013 v\u00e9di a b\u0151rsejtek DNS-t a szabad gy\u00f6k\u00f6k k\u00e1ros hat\u00e1sait\u00f3l, hat\u00e9konyan akad\u00e1lyozza a foto\u00f6reged\u00e9st.<\/p>\n<p>Leg\u00fajabb gener\u00e1ci\u00f3s UVA\/UVB sz\u0171r\u0151k \u2013 maxim\u00e1lis szint\u0171 napv\u00e9delmet biztos\u00edtanak. V\u00e9denek a pigment\u00e1ci\u00f3s foltok megjelen\u00e9s\u00e9t\u0151l.<\/p>\n<p>Hialuronsav \u2013 intenz\u00edven kisim\u00edtja a b\u0151rt, el\u0151seg\u00edti az \u00faj sejtek n\u00f6veked\u00e9si folyamat\u00e1t.<\/p>\n<p>A,E,F vitamin komplex \u2013 semleges\u00edti a szabad gy\u00f6k\u00f6ket, amelyek k\u00e1rt okoznak a cellul\u00e1ris DNS-nek. Megakad\u00e1lyozza az irrit\u00e1ci\u00f3kat.<\/p>\n","protected":false},"excerpt":{"rendered":"<p>A kr\u00e9m aj\u00e1nlott a napsugarakra \u00e9rz\u00e9keny \u00e9s irrit\u00e1ci\u00f3ra hajlamos b\u0151rre. T\u00f6k\u00e9letesen megg\u00e1tolja a foto\u00f6reged\u00e9st \u00e9s hosszan tart\u00f3 v\u00e9delmet ny\u00fajt a b\u0151rsejteknek. Er\u0151s\u00edti a napoz\u00e1s elleni term\u00e9szetes v\u00e9delmi rendszert.<\/p>\n","protected":false},"featured_media":21775,"comment_status":"open","ping_status":"closed","template":"","meta":[],"product_cat":[125,138,106],"product_tag":[],"yoast_head":"<!-- This site is optimized with the Yoast SEO plugin v22.2 - https:\/\/yoast.com\/wordpress\/plugins\/seo\/ -->\n<title>Sun Care Expert napv\u00e9d\u00f5 arckr\u00e9m SPF50 50ml<\/title>\n<meta name=\"description\" content=\"A kr\u00e9m aj\u00e1nlott a napsugarakra \u00e9rz\u00e9keny \u00e9s irrit\u00e1ci\u00f3ra hajlamos b\u00f5rre. T\u00f6k\u00e9letesen megg\u00e1tolja a foto\u00f6reged\u00e9st \u00e9s hosszantart\u00f3 v\u00e9delmet ny\u00fajt a b\u00f5rsejteknek. Er\u00f5s\u00edti a napoz\u00e1s elleni term\u00e9szetes v\u00e9delmi rendszert.\" \/>\n<meta name=\"robots\" content=\"index, follow, max-snippet:-1, max-image-preview:large, max-video-preview:-1\" \/>\n<link rel=\"canonical\" href=\"https:\/\/www.eveline.hu\/2016\/eveline-kozmetikumok-szepsegapolas\/szepsegapolas\/napvedelem\/sun-care-expert-napvedo-arckrem-spf50-50ml\/\" \/>\n<meta property=\"og:locale\" content=\"hu_HU\" \/>\n<meta property=\"og:type\" content=\"article\" \/>\n<meta property=\"og:title\" content=\"Eveline kozmetikumok - Sun Care Expert napv\u00e9d\u00f5 arckr\u00e9m SPF50 50ml\" \/>\n<meta property=\"og:description\" content=\"A kr\u00e9m aj\u00e1nlott a napsugarakra \u00e9rz\u00e9keny \u00e9s irrit\u00e1ci\u00f3ra hajlamos b\u00f5rre. T\u00f6k\u00e9letesen megg\u00e1tolja a foto\u00f6reged\u00e9st \u00e9s hosszantart\u00f3 v\u00e9delmet ny\u00fajt a b\u00f5rsejteknek. Er\u00f5s\u00edti a napoz\u00e1s elleni term\u00e9szetes v\u00e9delmi rendszert.\" \/>\n<meta property=\"og:url\" content=\"https:\/\/www.eveline.hu\/2016\/eveline-kozmetikumok-szepsegapolas\/szepsegapolas\/napvedelem\/sun-care-expert-napvedo-arckrem-spf50-50ml\/\" \/>\n<meta property=\"og:site_name\" content=\"Eveline Cosmetics Magyarorsz\u00e1g\" \/>\n<meta property=\"article:modified_time\" content=\"2026-03-11T11:46:13+00:00\" \/>\n<meta property=\"og:image\" content=\"https:\/\/www.eveline.hu\/2016\/wp-content\/uploads\/2016\/01\/Napv\u00e9d\u0151_kr\u00e9m50_New_w.png\" \/>\n\t<meta property=\"og:image:width\" content=\"750\" \/>\n\t<meta property=\"og:image:height\" content=\"750\" \/>\n\t<meta property=\"og:image:type\" content=\"image\/png\" \/>\n<meta name=\"twitter:card\" content=\"summary_large_image\" \/>\n<meta name=\"twitter:title\" content=\"Eveline kozmetikumok - Sun Care Expert napv\u00e9d\u00f5 arckr\u00e9m SPF50 50ml\" \/>\n<meta name=\"twitter:label1\" content=\"Becs\u00fclt olvas\u00e1si id\u0151\" \/>\n\t<meta name=\"twitter:data1\" content=\"1 perc\" \/>\n<script type=\"application\/ld+json\" class=\"yoast-schema-graph\">{\"@context\":\"https:\/\/schema.org\",\"@graph\":[{\"@type\":\"WebPage\",\"@id\":\"https:\/\/www.eveline.hu\/2016\/eveline-kozmetikumok-szepsegapolas\/szepsegapolas\/napvedelem\/sun-care-expert-napvedo-arckrem-spf50-50ml\/\",\"url\":\"https:\/\/www.eveline.hu\/2016\/eveline-kozmetikumok-szepsegapolas\/szepsegapolas\/napvedelem\/sun-care-expert-napvedo-arckrem-spf50-50ml\/\",\"name\":\"Sun Care Expert napv\u00e9d\u00f5 arckr\u00e9m SPF50 50ml\",\"isPartOf\":{\"@id\":\"https:\/\/www.eveline.hu\/2016\/#website\"},\"primaryImageOfPage\":{\"@id\":\"https:\/\/www.eveline.hu\/2016\/eveline-kozmetikumok-szepsegapolas\/szepsegapolas\/napvedelem\/sun-care-expert-napvedo-arckrem-spf50-50ml\/#primaryimage\"},\"image\":{\"@id\":\"https:\/\/www.eveline.hu\/2016\/eveline-kozmetikumok-szepsegapolas\/szepsegapolas\/napvedelem\/sun-care-expert-napvedo-arckrem-spf50-50ml\/#primaryimage\"},\"thumbnailUrl\":\"https:\/\/www.eveline.hu\/2016\/wp-content\/uploads\/2016\/01\/Napv\u00e9d\u0151_kr\u00e9m50_New_w.png\",\"datePublished\":\"2016-01-28T16:57:30+00:00\",\"dateModified\":\"2026-03-11T11:46:13+00:00\",\"description\":\"A kr\u00e9m aj\u00e1nlott a napsugarakra \u00e9rz\u00e9keny \u00e9s irrit\u00e1ci\u00f3ra hajlamos b\u00f5rre. T\u00f6k\u00e9letesen megg\u00e1tolja a foto\u00f6reged\u00e9st \u00e9s hosszantart\u00f3 v\u00e9delmet ny\u00fajt a b\u00f5rsejteknek. Er\u00f5s\u00edti a napoz\u00e1s elleni term\u00e9szetes v\u00e9delmi rendszert.\",\"breadcrumb\":{\"@id\":\"https:\/\/www.eveline.hu\/2016\/eveline-kozmetikumok-szepsegapolas\/szepsegapolas\/napvedelem\/sun-care-expert-napvedo-arckrem-spf50-50ml\/#breadcrumb\"},\"inLanguage\":\"hu\",\"potentialAction\":[{\"@type\":\"ReadAction\",\"target\":[\"https:\/\/www.eveline.hu\/2016\/eveline-kozmetikumok-szepsegapolas\/szepsegapolas\/napvedelem\/sun-care-expert-napvedo-arckrem-spf50-50ml\/\"]}]},{\"@type\":\"ImageObject\",\"inLanguage\":\"hu\",\"@id\":\"https:\/\/www.eveline.hu\/2016\/eveline-kozmetikumok-szepsegapolas\/szepsegapolas\/napvedelem\/sun-care-expert-napvedo-arckrem-spf50-50ml\/#primaryimage\",\"url\":\"https:\/\/www.eveline.hu\/2016\/wp-content\/uploads\/2016\/01\/Napv\u00e9d\u0151_kr\u00e9m50_New_w.png\",\"contentUrl\":\"https:\/\/www.eveline.hu\/2016\/wp-content\/uploads\/2016\/01\/Napv\u00e9d\u0151_kr\u00e9m50_New_w.png\",\"width\":750,\"height\":750},{\"@type\":\"BreadcrumbList\",\"@id\":\"https:\/\/www.eveline.hu\/2016\/eveline-kozmetikumok-szepsegapolas\/szepsegapolas\/napvedelem\/sun-care-expert-napvedo-arckrem-spf50-50ml\/#breadcrumb\",\"itemListElement\":[{\"@type\":\"ListItem\",\"position\":1,\"name\":\"Home\",\"item\":\"https:\/\/www.eveline.hu\/2016\/\"},{\"@type\":\"ListItem\",\"position\":2,\"name\":\"Term\u00e9kek\",\"item\":\"https:\/\/www.eveline.hu\/2016\/shop\/\"},{\"@type\":\"ListItem\",\"position\":3,\"name\":\"Sun Care Expert napv\u00e9d\u0151 arckr\u00e9m SPF50 50ml\"}]},{\"@type\":\"WebSite\",\"@id\":\"https:\/\/www.eveline.hu\/2016\/#website\",\"url\":\"https:\/\/www.eveline.hu\/2016\/\",\"name\":\"Eveline Cosmetics Magyarorsz\u00e1g\",\"description\":\"Min\u0151s\u00e9gi kozmetikumok Lengyelorsz\u00e1gb\u00f3l\",\"potentialAction\":[{\"@type\":\"SearchAction\",\"target\":{\"@type\":\"EntryPoint\",\"urlTemplate\":\"https:\/\/www.eveline.hu\/2016\/?s={search_term_string}\"},\"query-input\":\"required name=search_term_string\"}],\"inLanguage\":\"hu\"}]}<\/script>\n<!-- \/ Yoast SEO plugin. -->","yoast_head_json":{"title":"Sun Care Expert napv\u00e9d\u00f5 arckr\u00e9m SPF50 50ml","description":"A kr\u00e9m aj\u00e1nlott a napsugarakra \u00e9rz\u00e9keny \u00e9s irrit\u00e1ci\u00f3ra hajlamos b\u00f5rre. T\u00f6k\u00e9letesen megg\u00e1tolja a foto\u00f6reged\u00e9st \u00e9s hosszantart\u00f3 v\u00e9delmet ny\u00fajt a b\u00f5rsejteknek. Er\u00f5s\u00edti a napoz\u00e1s elleni term\u00e9szetes v\u00e9delmi rendszert.","robots":{"index":"index","follow":"follow","max-snippet":"max-snippet:-1","max-image-preview":"max-image-preview:large","max-video-preview":"max-video-preview:-1"},"canonical":"https:\/\/www.eveline.hu\/2016\/eveline-kozmetikumok-szepsegapolas\/szepsegapolas\/napvedelem\/sun-care-expert-napvedo-arckrem-spf50-50ml\/","og_locale":"hu_HU","og_type":"article","og_title":"Eveline kozmetikumok - Sun Care Expert napv\u00e9d\u00f5 arckr\u00e9m SPF50 50ml","og_description":"A kr\u00e9m aj\u00e1nlott a napsugarakra \u00e9rz\u00e9keny \u00e9s irrit\u00e1ci\u00f3ra hajlamos b\u00f5rre. T\u00f6k\u00e9letesen megg\u00e1tolja a foto\u00f6reged\u00e9st \u00e9s hosszantart\u00f3 v\u00e9delmet ny\u00fajt a b\u00f5rsejteknek. Er\u00f5s\u00edti a napoz\u00e1s elleni term\u00e9szetes v\u00e9delmi rendszert.","og_url":"https:\/\/www.eveline.hu\/2016\/eveline-kozmetikumok-szepsegapolas\/szepsegapolas\/napvedelem\/sun-care-expert-napvedo-arckrem-spf50-50ml\/","og_site_name":"Eveline Cosmetics Magyarorsz\u00e1g","article_modified_time":"2026-03-11T11:46:13+00:00","og_image":[{"width":750,"height":750,"url":"https:\/\/www.eveline.hu\/2016\/wp-content\/uploads\/2016\/01\/Napv\u00e9d\u0151_kr\u00e9m50_New_w.png","type":"image\/png"}],"twitter_card":"summary_large_image","twitter_title":"Eveline kozmetikumok - Sun Care Expert napv\u00e9d\u00f5 arckr\u00e9m SPF50 50ml","twitter_misc":{"Becs\u00fclt olvas\u00e1si id\u0151":"1 perc"},"schema":{"@context":"https:\/\/schema.org","@graph":[{"@type":"WebPage","@id":"https:\/\/www.eveline.hu\/2016\/eveline-kozmetikumok-szepsegapolas\/szepsegapolas\/napvedelem\/sun-care-expert-napvedo-arckrem-spf50-50ml\/","url":"https:\/\/www.eveline.hu\/2016\/eveline-kozmetikumok-szepsegapolas\/szepsegapolas\/napvedelem\/sun-care-expert-napvedo-arckrem-spf50-50ml\/","name":"Sun Care Expert napv\u00e9d\u00f5 arckr\u00e9m SPF50 50ml","isPartOf":{"@id":"https:\/\/www.eveline.hu\/2016\/#website"},"primaryImageOfPage":{"@id":"https:\/\/www.eveline.hu\/2016\/eveline-kozmetikumok-szepsegapolas\/szepsegapolas\/napvedelem\/sun-care-expert-napvedo-arckrem-spf50-50ml\/#primaryimage"},"image":{"@id":"https:\/\/www.eveline.hu\/2016\/eveline-kozmetikumok-szepsegapolas\/szepsegapolas\/napvedelem\/sun-care-expert-napvedo-arckrem-spf50-50ml\/#primaryimage"},"thumbnailUrl":"https:\/\/www.eveline.hu\/2016\/wp-content\/uploads\/2016\/01\/Napv\u00e9d\u0151_kr\u00e9m50_New_w.png","datePublished":"2016-01-28T16:57:30+00:00","dateModified":"2026-03-11T11:46:13+00:00","description":"A kr\u00e9m aj\u00e1nlott a napsugarakra \u00e9rz\u00e9keny \u00e9s irrit\u00e1ci\u00f3ra hajlamos b\u00f5rre. T\u00f6k\u00e9letesen megg\u00e1tolja a foto\u00f6reged\u00e9st \u00e9s hosszantart\u00f3 v\u00e9delmet ny\u00fajt a b\u00f5rsejteknek. Er\u00f5s\u00edti a napoz\u00e1s elleni term\u00e9szetes v\u00e9delmi rendszert.","breadcrumb":{"@id":"https:\/\/www.eveline.hu\/2016\/eveline-kozmetikumok-szepsegapolas\/szepsegapolas\/napvedelem\/sun-care-expert-napvedo-arckrem-spf50-50ml\/#breadcrumb"},"inLanguage":"hu","potentialAction":[{"@type":"ReadAction","target":["https:\/\/www.eveline.hu\/2016\/eveline-kozmetikumok-szepsegapolas\/szepsegapolas\/napvedelem\/sun-care-expert-napvedo-arckrem-spf50-50ml\/"]}]},{"@type":"ImageObject","inLanguage":"hu","@id":"https:\/\/www.eveline.hu\/2016\/eveline-kozmetikumok-szepsegapolas\/szepsegapolas\/napvedelem\/sun-care-expert-napvedo-arckrem-spf50-50ml\/#primaryimage","url":"https:\/\/www.eveline.hu\/2016\/wp-content\/uploads\/2016\/01\/Napv\u00e9d\u0151_kr\u00e9m50_New_w.png","contentUrl":"https:\/\/www.eveline.hu\/2016\/wp-content\/uploads\/2016\/01\/Napv\u00e9d\u0151_kr\u00e9m50_New_w.png","width":750,"height":750},{"@type":"BreadcrumbList","@id":"https:\/\/www.eveline.hu\/2016\/eveline-kozmetikumok-szepsegapolas\/szepsegapolas\/napvedelem\/sun-care-expert-napvedo-arckrem-spf50-50ml\/#breadcrumb","itemListElement":[{"@type":"ListItem","position":1,"name":"Home","item":"https:\/\/www.eveline.hu\/2016\/"},{"@type":"ListItem","position":2,"name":"Term\u00e9kek","item":"https:\/\/www.eveline.hu\/2016\/shop\/"},{"@type":"ListItem","position":3,"name":"Sun Care Expert napv\u00e9d\u0151 arckr\u00e9m SPF50 50ml"}]},{"@type":"WebSite","@id":"https:\/\/www.eveline.hu\/2016\/#website","url":"https:\/\/www.eveline.hu\/2016\/","name":"Eveline Cosmetics Magyarorsz\u00e1g","description":"Min\u0151s\u00e9gi kozmetikumok Lengyelorsz\u00e1gb\u00f3l","potentialAction":[{"@type":"SearchAction","target":{"@type":"EntryPoint","urlTemplate":"https:\/\/www.eveline.hu\/2016\/?s={search_term_string}"},"query-input":"required name=search_term_string"}],"inLanguage":"hu"}]}},"_links":{"self":[{"href":"https:\/\/www.eveline.hu\/2016\/wp-json\/wp\/v2\/product\/20655"}],"collection":[{"href":"https:\/\/www.eveline.hu\/2016\/wp-json\/wp\/v2\/product"}],"about":[{"href":"https:\/\/www.eveline.hu\/2016\/wp-json\/wp\/v2\/types\/product"}],"replies":[{"embeddable":true,"href":"https:\/\/www.eveline.hu\/2016\/wp-json\/wp\/v2\/comments?post=20655"}],"wp:featuredmedia":[{"embeddable":true,"href":"https:\/\/www.eveline.hu\/2016\/wp-json\/wp\/v2\/media\/21775"}],"wp:attachment":[{"href":"https:\/\/www.eveline.hu\/2016\/wp-json\/wp\/v2\/media?parent=20655"}],"wp:term":[{"taxonomy":"product_cat","embeddable":true,"href":"https:\/\/www.eveline.hu\/2016\/wp-json\/wp\/v2\/product_cat?post=20655"},{"taxonomy":"product_tag","embeddable":true,"href":"https:\/\/www.eveline.hu\/2016\/wp-json\/wp\/v2\/product_tag?post=20655"}],"curies":[{"name":"wp","href":"https:\/\/api.w.org\/{rel}","templated":true}]}}