{"id":20652,"date":"2016-01-28T17:57:11","date_gmt":"2016-01-28T16:57:11","guid":{"rendered":"http:\/\/www.eveline.hu\/2016\/eveline-kozmetikumok-szepsegapolas\/nem-kategorizalt\/sun-care-napozas-utani-husito-gel-200ml\/"},"modified":"2025-08-21T10:01:08","modified_gmt":"2025-08-21T08:01:08","slug":"sun-care-napozas-utani-husito-gel-200ml","status":"publish","type":"product","link":"https:\/\/www.eveline.hu\/2016\/eveline-kozmetikumok-szepsegapolas\/szepsegapolas\/napvedelem\/sun-care-napozas-utani-husito-gel-200ml\/","title":{"rendered":"Sun Care napoz\u00e1s ut\u00e1ni h\u0171s\u00edt\u0151 g\u00e9l 150ml"},"content":{"rendered":"<p>&nbsp;<\/p>\n<p><strong>Napoz\u00e1s ut\u00e1ni h\u0171s\u00edt\u0151 g\u00e9l<\/strong><\/p>\n<p>24\u00f3r\u00e1s intenz\u00edv hidrat\u00e1l\u00e1s.<\/p>\n<p>Helyre\u00e1ll\u00edtja a b\u0151r v\u00e9delmi r\u00e9teg\u00e9t.<\/p>\n<p>Az 5%-os D-panthenolt \u00e9s Bioprotectyl\u00ae antioxid\u00e1ns komplexet tartalmaz\u00f3 t\u00f6bbfunkci\u00f3s<\/p>\n<p>formula, azonnal megnyugtatja a t\u00falzott napoz\u00e1st\u00f3l irrit\u00e1lt b\u0151rt, cs\u00f6kkenti a v\u00f6r\u00f6ss\u00e9get, a kellemetlen \u00e9g\u0151 \u00e9rz\u00e9st \u00e9s a b\u0151r fesz\u00fcl\u0151 hat\u00e1s\u00e1t.<\/p>\n<p>Akt\u00edv \u00f6sszetev\u0151k: D-panthenol, allantoin, hialuronsav, Bioprotectyl\u00ae, likopin, mentol.<\/p>\n","protected":false},"excerpt":{"rendered":"<p>150ml (13993 Ft\/L )<\/p>\n<p>24\u00f3r\u00e1s intenz\u00edv hidrat\u00e1l\u00e1s.<\/p>\n","protected":false},"featured_media":23061,"comment_status":"open","ping_status":"closed","template":"","meta":[],"product_cat":[125,138,106],"product_tag":[],"yoast_head":"<!-- This site is optimized with the Yoast SEO plugin v22.2 - https:\/\/yoast.com\/wordpress\/plugins\/seo\/ -->\n<title>Sun Care napoz\u00e1s ut\u00e1ni h\u00fbs\u00edt\u00f5 g\u00e9l 200ml<\/title>\n<meta name=\"description\" content=\"Intenz\u00edven hidrat\u00e1l, h\u00fbs\u00edti \u00e9s nyugtatja a b\u00f5rt napoz\u00e1s vagy szol\u00e1rium ut\u00e1n.\" \/>\n<meta name=\"robots\" content=\"index, follow, max-snippet:-1, max-image-preview:large, max-video-preview:-1\" \/>\n<link rel=\"canonical\" href=\"https:\/\/www.eveline.hu\/2016\/eveline-kozmetikumok-szepsegapolas\/szepsegapolas\/napvedelem\/sun-care-napozas-utani-husito-gel-200ml\/\" \/>\n<meta property=\"og:locale\" content=\"hu_HU\" \/>\n<meta property=\"og:type\" content=\"article\" \/>\n<meta property=\"og:title\" content=\"Eveline kozmetikumok - Sun Care napoz\u00e1s ut\u00e1ni h\u00fbs\u00edt\u00f5 g\u00e9l 200ml\" \/>\n<meta property=\"og:description\" content=\"Intenz\u00edven hidrat\u00e1l, h\u00fbs\u00edti \u00e9s nyugtatja a b\u00f5rt napoz\u00e1s vagy szol\u00e1rium ut\u00e1n.\" \/>\n<meta property=\"og:url\" content=\"https:\/\/www.eveline.hu\/2016\/eveline-kozmetikumok-szepsegapolas\/szepsegapolas\/napvedelem\/sun-care-napozas-utani-husito-gel-200ml\/\" \/>\n<meta property=\"og:site_name\" content=\"Eveline Cosmetics Magyarorsz\u00e1g\" \/>\n<meta property=\"article:modified_time\" content=\"2025-08-21T08:01:08+00:00\" \/>\n<meta property=\"og:image\" content=\"https:\/\/www.eveline.hu\/2016\/wp-content\/uploads\/2016\/01\/Sun-gel.png\" \/>\n\t<meta property=\"og:image:width\" content=\"750\" \/>\n\t<meta property=\"og:image:height\" content=\"750\" \/>\n\t<meta property=\"og:image:type\" content=\"image\/png\" \/>\n<meta name=\"twitter:card\" content=\"summary_large_image\" \/>\n<meta name=\"twitter:title\" content=\"Eveline kozmetikumok - Sun Care napoz\u00e1s ut\u00e1ni h\u00fbs\u00edt\u00f5 g\u00e9l 200ml\" \/>\n<script type=\"application\/ld+json\" class=\"yoast-schema-graph\">{\"@context\":\"https:\/\/schema.org\",\"@graph\":[{\"@type\":\"WebPage\",\"@id\":\"https:\/\/www.eveline.hu\/2016\/eveline-kozmetikumok-szepsegapolas\/szepsegapolas\/napvedelem\/sun-care-napozas-utani-husito-gel-200ml\/\",\"url\":\"https:\/\/www.eveline.hu\/2016\/eveline-kozmetikumok-szepsegapolas\/szepsegapolas\/napvedelem\/sun-care-napozas-utani-husito-gel-200ml\/\",\"name\":\"Sun Care napoz\u00e1s ut\u00e1ni h\u00fbs\u00edt\u00f5 g\u00e9l 200ml\",\"isPartOf\":{\"@id\":\"https:\/\/www.eveline.hu\/2016\/#website\"},\"primaryImageOfPage\":{\"@id\":\"https:\/\/www.eveline.hu\/2016\/eveline-kozmetikumok-szepsegapolas\/szepsegapolas\/napvedelem\/sun-care-napozas-utani-husito-gel-200ml\/#primaryimage\"},\"image\":{\"@id\":\"https:\/\/www.eveline.hu\/2016\/eveline-kozmetikumok-szepsegapolas\/szepsegapolas\/napvedelem\/sun-care-napozas-utani-husito-gel-200ml\/#primaryimage\"},\"thumbnailUrl\":\"https:\/\/www.eveline.hu\/2016\/wp-content\/uploads\/2016\/01\/Sun-gel.png\",\"datePublished\":\"2016-01-28T16:57:11+00:00\",\"dateModified\":\"2025-08-21T08:01:08+00:00\",\"description\":\"Intenz\u00edven hidrat\u00e1l, h\u00fbs\u00edti \u00e9s nyugtatja a b\u00f5rt napoz\u00e1s vagy szol\u00e1rium ut\u00e1n.\",\"breadcrumb\":{\"@id\":\"https:\/\/www.eveline.hu\/2016\/eveline-kozmetikumok-szepsegapolas\/szepsegapolas\/napvedelem\/sun-care-napozas-utani-husito-gel-200ml\/#breadcrumb\"},\"inLanguage\":\"hu\",\"potentialAction\":[{\"@type\":\"ReadAction\",\"target\":[\"https:\/\/www.eveline.hu\/2016\/eveline-kozmetikumok-szepsegapolas\/szepsegapolas\/napvedelem\/sun-care-napozas-utani-husito-gel-200ml\/\"]}]},{\"@type\":\"ImageObject\",\"inLanguage\":\"hu\",\"@id\":\"https:\/\/www.eveline.hu\/2016\/eveline-kozmetikumok-szepsegapolas\/szepsegapolas\/napvedelem\/sun-care-napozas-utani-husito-gel-200ml\/#primaryimage\",\"url\":\"https:\/\/www.eveline.hu\/2016\/wp-content\/uploads\/2016\/01\/Sun-gel.png\",\"contentUrl\":\"https:\/\/www.eveline.hu\/2016\/wp-content\/uploads\/2016\/01\/Sun-gel.png\",\"width\":750,\"height\":750},{\"@type\":\"BreadcrumbList\",\"@id\":\"https:\/\/www.eveline.hu\/2016\/eveline-kozmetikumok-szepsegapolas\/szepsegapolas\/napvedelem\/sun-care-napozas-utani-husito-gel-200ml\/#breadcrumb\",\"itemListElement\":[{\"@type\":\"ListItem\",\"position\":1,\"name\":\"Home\",\"item\":\"https:\/\/www.eveline.hu\/2016\/\"},{\"@type\":\"ListItem\",\"position\":2,\"name\":\"Term\u00e9kek\",\"item\":\"https:\/\/www.eveline.hu\/2016\/shop\/\"},{\"@type\":\"ListItem\",\"position\":3,\"name\":\"Sun Care napoz\u00e1s ut\u00e1ni h\u0171s\u00edt\u0151 g\u00e9l 150ml\"}]},{\"@type\":\"WebSite\",\"@id\":\"https:\/\/www.eveline.hu\/2016\/#website\",\"url\":\"https:\/\/www.eveline.hu\/2016\/\",\"name\":\"Eveline Cosmetics Magyarorsz\u00e1g\",\"description\":\"Min\u0151s\u00e9gi kozmetikumok Lengyelorsz\u00e1gb\u00f3l\",\"potentialAction\":[{\"@type\":\"SearchAction\",\"target\":{\"@type\":\"EntryPoint\",\"urlTemplate\":\"https:\/\/www.eveline.hu\/2016\/?s={search_term_string}\"},\"query-input\":\"required name=search_term_string\"}],\"inLanguage\":\"hu\"}]}<\/script>\n<!-- \/ Yoast SEO plugin. -->","yoast_head_json":{"title":"Sun Care napoz\u00e1s ut\u00e1ni h\u00fbs\u00edt\u00f5 g\u00e9l 200ml","description":"Intenz\u00edven hidrat\u00e1l, h\u00fbs\u00edti \u00e9s nyugtatja a b\u00f5rt napoz\u00e1s vagy szol\u00e1rium ut\u00e1n.","robots":{"index":"index","follow":"follow","max-snippet":"max-snippet:-1","max-image-preview":"max-image-preview:large","max-video-preview":"max-video-preview:-1"},"canonical":"https:\/\/www.eveline.hu\/2016\/eveline-kozmetikumok-szepsegapolas\/szepsegapolas\/napvedelem\/sun-care-napozas-utani-husito-gel-200ml\/","og_locale":"hu_HU","og_type":"article","og_title":"Eveline kozmetikumok - Sun Care napoz\u00e1s ut\u00e1ni h\u00fbs\u00edt\u00f5 g\u00e9l 200ml","og_description":"Intenz\u00edven hidrat\u00e1l, h\u00fbs\u00edti \u00e9s nyugtatja a b\u00f5rt napoz\u00e1s vagy szol\u00e1rium ut\u00e1n.","og_url":"https:\/\/www.eveline.hu\/2016\/eveline-kozmetikumok-szepsegapolas\/szepsegapolas\/napvedelem\/sun-care-napozas-utani-husito-gel-200ml\/","og_site_name":"Eveline Cosmetics Magyarorsz\u00e1g","article_modified_time":"2025-08-21T08:01:08+00:00","og_image":[{"width":750,"height":750,"url":"https:\/\/www.eveline.hu\/2016\/wp-content\/uploads\/2016\/01\/Sun-gel.png","type":"image\/png"}],"twitter_card":"summary_large_image","twitter_title":"Eveline kozmetikumok - Sun Care napoz\u00e1s ut\u00e1ni h\u00fbs\u00edt\u00f5 g\u00e9l 200ml","schema":{"@context":"https:\/\/schema.org","@graph":[{"@type":"WebPage","@id":"https:\/\/www.eveline.hu\/2016\/eveline-kozmetikumok-szepsegapolas\/szepsegapolas\/napvedelem\/sun-care-napozas-utani-husito-gel-200ml\/","url":"https:\/\/www.eveline.hu\/2016\/eveline-kozmetikumok-szepsegapolas\/szepsegapolas\/napvedelem\/sun-care-napozas-utani-husito-gel-200ml\/","name":"Sun Care napoz\u00e1s ut\u00e1ni h\u00fbs\u00edt\u00f5 g\u00e9l 200ml","isPartOf":{"@id":"https:\/\/www.eveline.hu\/2016\/#website"},"primaryImageOfPage":{"@id":"https:\/\/www.eveline.hu\/2016\/eveline-kozmetikumok-szepsegapolas\/szepsegapolas\/napvedelem\/sun-care-napozas-utani-husito-gel-200ml\/#primaryimage"},"image":{"@id":"https:\/\/www.eveline.hu\/2016\/eveline-kozmetikumok-szepsegapolas\/szepsegapolas\/napvedelem\/sun-care-napozas-utani-husito-gel-200ml\/#primaryimage"},"thumbnailUrl":"https:\/\/www.eveline.hu\/2016\/wp-content\/uploads\/2016\/01\/Sun-gel.png","datePublished":"2016-01-28T16:57:11+00:00","dateModified":"2025-08-21T08:01:08+00:00","description":"Intenz\u00edven hidrat\u00e1l, h\u00fbs\u00edti \u00e9s nyugtatja a b\u00f5rt napoz\u00e1s vagy szol\u00e1rium ut\u00e1n.","breadcrumb":{"@id":"https:\/\/www.eveline.hu\/2016\/eveline-kozmetikumok-szepsegapolas\/szepsegapolas\/napvedelem\/sun-care-napozas-utani-husito-gel-200ml\/#breadcrumb"},"inLanguage":"hu","potentialAction":[{"@type":"ReadAction","target":["https:\/\/www.eveline.hu\/2016\/eveline-kozmetikumok-szepsegapolas\/szepsegapolas\/napvedelem\/sun-care-napozas-utani-husito-gel-200ml\/"]}]},{"@type":"ImageObject","inLanguage":"hu","@id":"https:\/\/www.eveline.hu\/2016\/eveline-kozmetikumok-szepsegapolas\/szepsegapolas\/napvedelem\/sun-care-napozas-utani-husito-gel-200ml\/#primaryimage","url":"https:\/\/www.eveline.hu\/2016\/wp-content\/uploads\/2016\/01\/Sun-gel.png","contentUrl":"https:\/\/www.eveline.hu\/2016\/wp-content\/uploads\/2016\/01\/Sun-gel.png","width":750,"height":750},{"@type":"BreadcrumbList","@id":"https:\/\/www.eveline.hu\/2016\/eveline-kozmetikumok-szepsegapolas\/szepsegapolas\/napvedelem\/sun-care-napozas-utani-husito-gel-200ml\/#breadcrumb","itemListElement":[{"@type":"ListItem","position":1,"name":"Home","item":"https:\/\/www.eveline.hu\/2016\/"},{"@type":"ListItem","position":2,"name":"Term\u00e9kek","item":"https:\/\/www.eveline.hu\/2016\/shop\/"},{"@type":"ListItem","position":3,"name":"Sun Care napoz\u00e1s ut\u00e1ni h\u0171s\u00edt\u0151 g\u00e9l 150ml"}]},{"@type":"WebSite","@id":"https:\/\/www.eveline.hu\/2016\/#website","url":"https:\/\/www.eveline.hu\/2016\/","name":"Eveline Cosmetics Magyarorsz\u00e1g","description":"Min\u0151s\u00e9gi kozmetikumok Lengyelorsz\u00e1gb\u00f3l","potentialAction":[{"@type":"SearchAction","target":{"@type":"EntryPoint","urlTemplate":"https:\/\/www.eveline.hu\/2016\/?s={search_term_string}"},"query-input":"required name=search_term_string"}],"inLanguage":"hu"}]}},"_links":{"self":[{"href":"https:\/\/www.eveline.hu\/2016\/wp-json\/wp\/v2\/product\/20652"}],"collection":[{"href":"https:\/\/www.eveline.hu\/2016\/wp-json\/wp\/v2\/product"}],"about":[{"href":"https:\/\/www.eveline.hu\/2016\/wp-json\/wp\/v2\/types\/product"}],"replies":[{"embeddable":true,"href":"https:\/\/www.eveline.hu\/2016\/wp-json\/wp\/v2\/comments?post=20652"}],"wp:featuredmedia":[{"embeddable":true,"href":"https:\/\/www.eveline.hu\/2016\/wp-json\/wp\/v2\/media\/23061"}],"wp:attachment":[{"href":"https:\/\/www.eveline.hu\/2016\/wp-json\/wp\/v2\/media?parent=20652"}],"wp:term":[{"taxonomy":"product_cat","embeddable":true,"href":"https:\/\/www.eveline.hu\/2016\/wp-json\/wp\/v2\/product_cat?post=20652"},{"taxonomy":"product_tag","embeddable":true,"href":"https:\/\/www.eveline.hu\/2016\/wp-json\/wp\/v2\/product_tag?post=20652"}],"curies":[{"name":"wp","href":"https:\/\/api.w.org\/{rel}","templated":true}]}}